{"id":34,"date":"2023-08-07T17:02:16","date_gmt":"2023-08-07T15:02:16","guid":{"rendered":"https:\/\/teciman.difadi.net\/?page_id=34"},"modified":"2025-11-04T13:23:46","modified_gmt":"2025-11-04T12:23:46","slug":"candidats","status":"publish","type":"page","link":"https:\/\/www.teciman.com\/outsourcing\/fr\/externalisation-de-lingenierie\/candidats\/","title":{"rendered":"Candidats"},"content":{"rendered":"<div data-elementor-type=\"wp-page\" data-elementor-id=\"34\" class=\"elementor elementor-34\" data-elementor-post-type=\"page\">\n\t\t\t\t<div class=\"elementor-element elementor-element-8fd5896 e-flex e-con-boxed e-con e-parent\" data-id=\"8fd5896\" data-element_type=\"container\" data-settings=\"{&quot;background_background&quot;:&quot;classic&quot;,&quot;background_motion_fx_motion_fx_scrolling&quot;:&quot;yes&quot;,&quot;background_motion_fx_translateY_effect&quot;:&quot;yes&quot;,&quot;background_motion_fx_translateY_speed&quot;:{&quot;unit&quot;:&quot;px&quot;,&quot;size&quot;:5,&quot;sizes&quot;:[]},&quot;background_motion_fx_translateY_direction&quot;:&quot;negative&quot;,&quot;background_motion_fx_translateY_affectedRange&quot;:{&quot;unit&quot;:&quot;%&quot;,&quot;size&quot;:&quot;&quot;,&quot;sizes&quot;:{&quot;start&quot;:0,&quot;end&quot;:100}},&quot;background_motion_fx_devices&quot;:[&quot;desktop&quot;,&quot;laptop&quot;,&quot;tablet&quot;,&quot;mobile&quot;]}\">\n\t\t\t\t\t<div class=\"e-con-inner\">\n\t\t<div class=\"elementor-element elementor-element-05384cc e-con-full e-flex e-con e-child\" data-id=\"05384cc\" data-element_type=\"container\">\n\t\t\t\t<div class=\"elementor-element elementor-element-129b3d1 elementor-widget elementor-widget-heading\" data-id=\"129b3d1\" data-element_type=\"widget\" data-widget_type=\"heading.default\">\n\t\t\t\t<div class=\"elementor-widget-container\">\n\t\t\t\t\t<h1 class=\"elementor-heading-title elementor-size-default\">Candidats<\/h1>\t\t\t\t<\/div>\n\t\t\t\t<\/div>\n\t\t\t\t<div class=\"elementor-element elementor-element-a899089 elementor-widget elementor-widget-text-editor\" data-id=\"a899089\" data-element_type=\"widget\" data-widget_type=\"text-editor.default\">\n\t\t\t\t<div class=\"elementor-widget-container\">\n\t\t\t\t\t\t\t\t\t<p>Chez T\u00e9ciman nous vous proposons un projet en pleine croissance dans un environnement dynamique et comp\u00e9tent dans lequel vous pourrez vous d\u00e9velopper professionnellement.<\/p>\t\t\t\t\t\t\t\t<\/div>\n\t\t\t\t<\/div>\n\t\t\t\t<\/div>\n\t\t<div class=\"elementor-element elementor-element-4ef36d8 e-con-full e-flex e-con e-child\" data-id=\"4ef36d8\" data-element_type=\"container\">\n\t\t\t\t<div class=\"elementor-element elementor-element-5d9dfd5 elementor-widget elementor-widget-text-editor\" data-id=\"5d9dfd5\" data-element_type=\"widget\" data-widget_type=\"text-editor.default\">\n\t\t\t\t<div class=\"elementor-widget-container\">\n\t\t\t\t\t\t\t\t\t<p>Nous publions de nouvelles offres d&#039;emploi chaque semaine<\/p><p>Il fait partie de notre \u00e9quipe !<\/p>\t\t\t\t\t\t\t\t<\/div>\n\t\t\t\t<\/div>\n\t\t\t\t<div class=\"elementor-element elementor-element-4f9217d elementor-widget elementor-widget-button\" data-id=\"4f9217d\" data-element_type=\"widget\" data-widget_type=\"button.default\">\n\t\t\t\t<div class=\"elementor-widget-container\">\n\t\t\t\t\t\t\t\t\t<div class=\"elementor-button-wrapper\">\n\t\t\t\t\t<a class=\"elementor-button elementor-button-link elementor-size-sm\" href=\"https:\/\/www.careers-page.com\/teciman\" target=\"_blank\" rel=\"noopener\">\n\t\t\t\t\t\t<span class=\"elementor-button-content-wrapper\">\n\t\t\t\t\t\t\t\t\t<span class=\"elementor-button-text\">Offres d&#039;emplois<\/span>\n\t\t\t\t\t<\/span>\n\t\t\t\t\t<\/a>\n\t\t\t\t<\/div>\n\t\t\t\t\t\t\t\t<\/div>\n\t\t\t\t<\/div>\n\t\t\t\t<\/div>\n\t\t\t\t\t<\/div>\n\t\t\t\t<\/div>\n\t\t<div class=\"elementor-element elementor-element-6bea897 e-con-full e-flex elementor-invisible e-con e-parent\" data-id=\"6bea897\" data-element_type=\"container\" data-settings=\"{&quot;animation&quot;:&quot;fadeInLeft&quot;,&quot;animation_delay&quot;:150}\">\n\t\t<div class=\"elementor-element elementor-element-5b42b6d e-con-full e-flex e-con e-child\" data-id=\"5b42b6d\" data-element_type=\"container\" data-settings=\"{&quot;background_background&quot;:&quot;classic&quot;}\">\n\t\t<div class=\"elementor-element elementor-element-0457866 e-con-full e-flex e-con e-child\" data-id=\"0457866\" data-element_type=\"container\">\n\t\t<div class=\"elementor-element elementor-element-74b74bd e-con-full e-flex e-con e-child\" data-id=\"74b74bd\" data-element_type=\"container\">\n\t\t\t\t<div class=\"elementor-element elementor-element-79855ff elementor-widget elementor-widget-heading\" data-id=\"79855ff\" data-element_type=\"widget\" data-widget_type=\"heading.default\">\n\t\t\t\t<div class=\"elementor-widget-container\">\n\t\t\t\t\t<h2 class=\"elementor-heading-title elementor-size-default\">Que proposons-nous?<\/h2>\t\t\t\t<\/div>\n\t\t\t\t<\/div>\n\t\t\t\t<div class=\"elementor-element elementor-element-c37b4d7 elementor-widget elementor-widget-text-editor\" data-id=\"c37b4d7\" data-element_type=\"widget\" data-widget_type=\"text-editor.default\">\n\t\t\t\t<div class=\"elementor-widget-container\">\n\t\t\t\t\t\t\t\t\t<p data-start=\"65\" data-end=\"233\">Nous int\u00e9grons des talents techniques sp\u00e9cialis\u00e9s dans des projets de haut niveau, offrant \u00e0 nos professionnels la possibilit\u00e9 d&#039;\u00e9voluer dans des environnements dynamiques et stimulants.<\/p><p data-start=\"235\" data-end=\"457\">Ici, nous ne recherchons pas uniquement des profils techniques : <strong>Nous valorisons les connaissances, l\u2019exp\u00e9rience multisectorielle et la capacit\u00e9 \u00e0 s\u2019int\u00e9grer dans de v\u00e9ritables \u00e9quipes clients.<\/strong>, en veillant \u00e0 ce que chaque personne apporte de la valeur d\u00e8s le premier jour.<\/p><p data-start=\"459\" data-end=\"718\">Nous sommes diff\u00e9rents parce que <strong>Nous comprenons parfaitement les d\u00e9fis de l&#039;ing\u00e9nierie<\/strong> Nous offrons \u00e0 notre \u00e9quipe la possibilit\u00e9 de travailler sur des solutions personnalis\u00e9es, imm\u00e9diates et efficaces, appuy\u00e9es par plus de 35 ans d\u2019exp\u00e9rience et la force du Groupe T\u00e9ciman.<\/p><p data-start=\"720\" data-end=\"914\">Rejoindre T\u00e9ciman Outsourcing, c&#039;est faire partie d&#039;une entreprise qui allie <strong>flexibilit\u00e9, agilit\u00e9 et engagement envers le d\u00e9veloppement professionnel,<\/strong> vous accompagner \u00e0 chaque \u00e9tape de votre parcours.<\/p><p data-start=\"916\" data-end=\"1002\">Contactez-nous et faites partie de notre \u00e9quipe! Nous publions de nouvelles offres chaque semaine.<\/p>\t\t\t\t\t\t\t\t<\/div>\n\t\t\t\t<\/div>\n\t\t\t\t<\/div>\n\t\t<div class=\"elementor-element elementor-element-1541621 e-con-full e-flex e-con e-child\" data-id=\"1541621\" data-element_type=\"container\">\n\t\t\t\t<div class=\"elementor-element elementor-element-27d8e28 elementor-widget elementor-widget-image\" data-id=\"27d8e28\" data-element_type=\"widget\" data-widget_type=\"image.default\">\n\t\t\t\t<div class=\"elementor-widget-container\">\n\t\t\t\t\t\t\t\t\t\t\t\t\t\t\t<img fetchpriority=\"high\" decoding=\"async\" width=\"800\" height=\"534\" src=\"https:\/\/www.teciman.com\/outsourcing\/wp-content\/uploads\/2025\/11\/T-73--1024x683.jpg\" class=\"attachment-large size-large wp-image-7010\" alt=\"T\u00c9CIMAN\" srcset=\"https:\/\/www.teciman.com\/outsourcing\/wp-content\/uploads\/2025\/11\/T-73--1024x683.jpg 1024w, https:\/\/www.teciman.com\/outsourcing\/wp-content\/uploads\/2025\/11\/T-73--300x200.jpg 300w, https:\/\/www.teciman.com\/outsourcing\/wp-content\/uploads\/2025\/11\/T-73--768x512.jpg 768w, https:\/\/www.teciman.com\/outsourcing\/wp-content\/uploads\/2025\/11\/T-73--1536x1024.jpg 1536w, https:\/\/www.teciman.com\/outsourcing\/wp-content\/uploads\/2025\/11\/T-73--2048x1366.jpg 2048w, https:\/\/www.teciman.com\/outsourcing\/wp-content\/uploads\/2025\/11\/T-73--18x12.jpg 18w\" sizes=\"(max-width: 800px) 100vw, 800px\" title=\"\">\t\t\t\t\t\t\t\t\t\t\t\t\t\t\t<\/div>\n\t\t\t\t<\/div>\n\t\t\t\t<div class=\"elementor-element elementor-element-9d5fbe4 elementor-widget elementor-widget-button\" data-id=\"9d5fbe4\" data-element_type=\"widget\" data-widget_type=\"button.default\">\n\t\t\t\t<div class=\"elementor-widget-container\">\n\t\t\t\t\t\t\t\t\t<div class=\"elementor-button-wrapper\">\n\t\t\t\t\t<a class=\"elementor-button elementor-button-link elementor-size-sm\" href=\"https:\/\/www.careers-page.com\/teciman\" target=\"_blank\" rel=\"noopener\">\n\t\t\t\t\t\t<span class=\"elementor-button-content-wrapper\">\n\t\t\t\t\t\t\t\t\t<span class=\"elementor-button-text\">Offres d&#039;emplois<\/span>\n\t\t\t\t\t<\/span>\n\t\t\t\t\t<\/a>\n\t\t\t\t<\/div>\n\t\t\t\t\t\t\t\t<\/div>\n\t\t\t\t<\/div>\n\t\t\t\t<\/div>\n\t\t\t\t<\/div>\n\t\t\t\t<\/div>\n\t\t\t\t<\/div>\n\t\t<div class=\"elementor-element elementor-element-aa29f5b e-con-full e-flex elementor-invisible e-con e-parent\" data-id=\"aa29f5b\" data-element_type=\"container\" data-settings=\"{&quot;animation&quot;:&quot;fadeInRight&quot;,&quot;animation_delay&quot;:150}\">\n\t\t<div class=\"elementor-element elementor-element-bebe33a e-con-full e-flex e-con e-child\" data-id=\"bebe33a\" data-element_type=\"container\" data-settings=\"{&quot;background_background&quot;:&quot;classic&quot;}\">\n\t\t<div class=\"elementor-element elementor-element-a99fc77 e-con-full e-flex e-con e-child\" data-id=\"a99fc77\" data-element_type=\"container\">\n\t\t\t\t<div class=\"elementor-element elementor-element-0f550af elementor-widget elementor-widget-heading\" data-id=\"0f550af\" data-element_type=\"widget\" data-widget_type=\"heading.default\">\n\t\t\t\t<div class=\"elementor-widget-container\">\n\t\t\t\t\t<h2 class=\"elementor-heading-title elementor-size-default\">Comment se d\u00e9roule le processus de s\u00e9lection chez T\u00c9CIMAN ?<\/h2>\t\t\t\t<\/div>\n\t\t\t\t<\/div>\n\t\t\t\t<div class=\"elementor-element elementor-element-9b3efd5 elementor-icon-list--layout-traditional elementor-list-item-link-full_width elementor-widget elementor-widget-icon-list\" data-id=\"9b3efd5\" data-element_type=\"widget\" data-widget_type=\"icon-list.default\">\n\t\t\t\t<div class=\"elementor-widget-container\">\n\t\t\t\t\t\t\t<ul class=\"elementor-icon-list-items\">\n\t\t\t\t\t\t\t<li class=\"elementor-icon-list-item\">\n\t\t\t\t\t\t\t\t\t\t\t<span class=\"elementor-icon-list-icon\">\n\t\t\t\t\t\t\t<svg xmlns=\"http:\/\/www.w3.org\/2000\/svg\" viewbox=\"0 0 256 512\"><path d=\"M160 64c0-11.8-6.5-22.6-16.9-28.2s-23-5-32.8 1.6l-96 64C-.5 111.2-4.4 131 5.4 145.8s29.7 18.7 44.4 8.9L96 123.8V416H32c-17.7 0-32 14.3-32 32s14.3 32 32 32h96 96c17.7 0 32-14.3 32-32s-14.3-32-32-32H160V64z\"><\/path><\/svg>\t\t\t\t\t\t<\/span>\n\t\t\t\t\t\t\t\t\t\t<span class=\"elementor-icon-list-text\"><strong>Nous \u00e9coutons vos pr\u00e9occupations pour trouver le poste id\u00e9al<\/strong><br> Nous travaillons avec de nouvelles offres d&#039;emploi chaque semaine<\/span>\n\t\t\t\t\t\t\t\t\t<\/li>\n\t\t\t\t\t\t\t\t<li class=\"elementor-icon-list-item\">\n\t\t\t\t\t\t\t\t\t\t\t<span class=\"elementor-icon-list-icon\">\n\t\t\t\t\t\t\t<svg xmlns=\"http:\/\/www.w3.org\/2000\/svg\" viewbox=\"0 0 320 512\"><path d=\"M142.9 96c-21.5 0-42.2 8.5-57.4 23.8L54.6 150.6c-12.5 12.5-32.8 12.5-45.3 0s-12.5-32.8 0-45.3L40.2 74.5C67.5 47.3 104.4 32 142.9 32C223 32 288 97 288 177.1c0 38.5-15.3 75.4-42.5 102.6L109.3 416H288c17.7 0 32 14.3 32 32s-14.3 32-32 32H32c-12.9 0-24.6-7.8-29.6-19.8s-2.2-25.7 6.9-34.9L200.2 234.5c15.2-15.2 23.8-35.9 23.8-57.4c0-44.8-36.3-81.1-81.1-81.1z\"><\/path><\/svg>\t\t\t\t\t\t<\/span>\n\t\t\t\t\t\t\t\t\t\t<span class=\"elementor-icon-list-text\"><strong>Nous vous prenons en compte<\/strong><br> Sinon maintenant ce sera dans un autre projet, on se souvient toujours d&#039;un bon profil<\/span>\n\t\t\t\t\t\t\t\t\t<\/li>\n\t\t\t\t\t\t\t\t<li class=\"elementor-icon-list-item\">\n\t\t\t\t\t\t\t\t\t\t\t<span class=\"elementor-icon-list-icon\">\n\t\t\t\t\t\t\t<svg xmlns=\"http:\/\/www.w3.org\/2000\/svg\" viewbox=\"0 0 320 512\"><path d=\"M0 64C0 46.3 14.3 32 32 32H272c13.2 0 25 8.1 29.8 20.4s1.5 26.3-8.2 35.2L162.3 208H184c75.1 0 136 60.9 136 136s-60.9 136-136 136H105.4C63 480 24.2 456 5.3 418.1l-1.9-3.8c-7.9-15.8-1.5-35 14.3-42.9s35-1.5 42.9 14.3l1.9 3.8c8.1 16.3 24.8 26.5 42.9 26.5H184c39.8 0 72-32.2 72-72s-32.2-72-72-72H80c-13.2 0-25-8.1-29.8-20.4s-1.5-26.3 8.2-35.2L189.7 96H32C14.3 96 0 81.7 0 64z\"><\/path><\/svg>\t\t\t\t\t\t<\/span>\n\t\t\t\t\t\t\t\t\t\t<span class=\"elementor-icon-list-text\"><strong>Nous nous adaptons \u00e0 vos disponibilit\u00e9s<\/strong><br> Entretiens en ligne et selon vos plannings<\/span>\n\t\t\t\t\t\t\t\t\t<\/li>\n\t\t\t\t\t\t\t\t<li class=\"elementor-icon-list-item\">\n\t\t\t\t\t\t\t\t\t\t\t<span class=\"elementor-icon-list-icon\">\n\t\t\t\t\t\t\t<svg xmlns=\"http:\/\/www.w3.org\/2000\/svg\" viewbox=\"0 0 384 512\"><path d=\"M189 77.6c7.5-16 .7-35.1-15.3-42.6s-35.1-.7-42.6 15.3L3 322.4c-4.7 9.9-3.9 21.5 1.9 30.8S21 368 32 368H256v80c0 17.7 14.3 32 32 32s32-14.3 32-32V368h32c17.7 0 32-14.3 32-32s-14.3-32-32-32H320V160c0-17.7-14.3-32-32-32s-32 14.3-32 32V304H82.4L189 77.6z\"><\/path><\/svg>\t\t\t\t\t\t<\/span>\n\t\t\t\t\t\t\t\t\t\t<span class=\"elementor-icon-list-text\"><strong>Nous guidons et accompagnons tout au long du processus<\/strong><br> Nous vous conseillons sur la mani\u00e8re de transmettre vos exp\u00e9riences et connaissances<\/span>\n\t\t\t\t\t\t\t\t\t<\/li>\n\t\t\t\t\t\t\t\t<li class=\"elementor-icon-list-item\">\n\t\t\t\t\t\t\t\t\t\t\t<span class=\"elementor-icon-list-icon\">\n\t\t\t\t\t\t\t<svg xmlns=\"http:\/\/www.w3.org\/2000\/svg\" viewbox=\"0 0 320 512\"><path d=\"M32.5 58.3C35.3 43.1 48.5 32 64 32H256c17.7 0 32 14.3 32 32s-14.3 32-32 32H90.7L70.3 208H184c75.1 0 136 60.9 136 136s-60.9 136-136 136H100.5c-39.4 0-75.4-22.3-93-57.5l-4.1-8.2c-7.9-15.8-1.5-35 14.3-42.9s35-1.5 42.9 14.3l4.1 8.2c6.8 13.6 20.6 22.1 35.8 22.1H184c39.8 0 72-32.2 72-72s-32.2-72-72-72H32c-9.5 0-18.5-4.2-24.6-11.5s-8.6-16.9-6.9-26.2l32-176z\"><\/path><\/svg>\t\t\t\t\t\t<\/span>\n\t\t\t\t\t\t\t\t\t\t<span class=\"elementor-icon-list-text\"><strong>Nous vous donnons toutes les informations dont vous avez besoin sur le projet et l&#039;offre<\/strong><br> Vous conna\u00eetrez \u00e0 tout moment le statut de votre candidature<\/span>\n\t\t\t\t\t\t\t\t\t<\/li>\n\t\t\t\t\t\t<\/ul>\n\t\t\t\t\t\t<\/div>\n\t\t\t\t<\/div>\n\t\t\t\t<\/div>\n\t\t\t\t<\/div>\n\t\t\t\t<\/div>\n\t\t<div class=\"elementor-element elementor-element-cc49cbf e-con-full e-flex elementor-invisible e-con e-parent\" data-id=\"cc49cbf\" data-element_type=\"container\" data-settings=\"{&quot;animation&quot;:&quot;fadeInRight&quot;,&quot;animation_delay&quot;:150}\">\n\t\t\t\t<\/div>\n\t\t<div class=\"elementor-element elementor-element-28f754b e-flex e-con-boxed e-con e-parent\" data-id=\"28f754b\" data-element_type=\"container\" data-settings=\"{&quot;background_background&quot;:&quot;gradient&quot;}\">\n\t\t\t\t\t<div class=\"e-con-inner\">\n\t\t\t\t<div class=\"elementor-element elementor-element-74e6492 elementor-invisible elementor-widget elementor-widget-heading\" data-id=\"74e6492\" data-element_type=\"widget\" data-settings=\"{&quot;_animation&quot;:&quot;fadeIn&quot;,&quot;_animation_delay&quot;:100}\" data-widget_type=\"heading.default\">\n\t\t\t\t<div class=\"elementor-widget-container\">\n\t\t\t\t\t<h2 class=\"elementor-heading-title elementor-size-default\">Avantages de travailler chez T\u00c9CIMAN IMPARTITION<\/h2>\t\t\t\t<\/div>\n\t\t\t\t<\/div>\n\t\t\t\t<div class=\"elementor-element elementor-element-3cb678e elementor-align-center elementor-icon-list--layout-traditional elementor-list-item-link-full_width elementor-invisible elementor-widget elementor-widget-icon-list\" data-id=\"3cb678e\" data-element_type=\"widget\" data-settings=\"{&quot;_animation&quot;:&quot;fadeInUp&quot;,&quot;_animation_delay&quot;:200}\" data-widget_type=\"icon-list.default\">\n\t\t\t\t<div class=\"elementor-widget-container\">\n\t\t\t\t\t\t\t<ul class=\"elementor-icon-list-items\">\n\t\t\t\t\t\t\t<li class=\"elementor-icon-list-item\">\n\t\t\t\t\t\t\t\t\t\t<span class=\"elementor-icon-list-text\">Nous collaborons avec des clients leaders dans leur secteur<\/span>\n\t\t\t\t\t\t\t\t\t<\/li>\n\t\t\t\t\t\t\t\t<li class=\"elementor-icon-list-item\">\n\t\t\t\t\t\t\t\t\t\t<span class=\"elementor-icon-list-text\">Nous encha\u00eenons diff\u00e9rents projets<\/span>\n\t\t\t\t\t\t\t\t\t<\/li>\n\t\t\t\t\t\t\t\t<li class=\"elementor-icon-list-item\">\n\t\t\t\t\t\t\t\t\t\t<span class=\"elementor-icon-list-text\">Exp\u00e9rience dans de multiples secteurs : automobile, \u00e9nergie, ferroviaire, a\u00e9rospatial, d\u00e9fense et industriel<\/span>\n\t\t\t\t\t\t\t\t\t<\/li>\n\t\t\t\t\t\t\t\t<li class=\"elementor-icon-list-item\">\n\t\t\t\t\t\t\t\t\t\t<span class=\"elementor-icon-list-text\">Nous apportons nos capacit\u00e9s dans des projets nationaux et internationaux<\/span>\n\t\t\t\t\t\t\t\t\t<\/li>\n\t\t\t\t\t\t\t\t<li class=\"elementor-icon-list-item\">\n\t\t\t\t\t\t\t\t\t\t<span class=\"elementor-icon-list-text\">Nous sommes en pleine croissance ; C&#039;est l&#039;environnement id\u00e9al pour \u00e9voluer professionnellement<\/span>\n\t\t\t\t\t\t\t\t\t<\/li>\n\t\t\t\t\t\t<\/ul>\n\t\t\t\t\t\t<\/div>\n\t\t\t\t<\/div>\n\t\t\t\t<div class=\"elementor-element elementor-element-592eba4 elementor-invisible elementor-widget elementor-widget-heading\" data-id=\"592eba4\" data-element_type=\"widget\" data-settings=\"{&quot;_animation&quot;:&quot;fadeIn&quot;,&quot;_animation_delay&quot;:100}\" data-widget_type=\"heading.default\">\n\t\t\t\t<div class=\"elementor-widget-container\">\n\t\t\t\t\t<h3 class=\"elementor-heading-title elementor-size-default\">Contactez-nous et faites partie de notre \u00e9quipe! <\/h3>\t\t\t\t<\/div>\n\t\t\t\t<\/div>\n\t\t\t\t<div class=\"elementor-element elementor-element-70a43d8 elementor-align-center elementor-invisible elementor-widget elementor-widget-button\" data-id=\"70a43d8\" data-element_type=\"widget\" data-settings=\"{&quot;_animation&quot;:&quot;fadeIn&quot;,&quot;_animation_delay&quot;:200}\" data-widget_type=\"button.default\">\n\t\t\t\t<div class=\"elementor-widget-container\">\n\t\t\t\t\t\t\t\t\t<div class=\"elementor-button-wrapper\">\n\t\t\t\t\t<a class=\"elementor-button elementor-button-link elementor-size-lg\" href=\"https:\/\/www.careers-page.com\/teciman\" target=\"_blank\" rel=\"noopener\">\n\t\t\t\t\t\t<span class=\"elementor-button-content-wrapper\">\n\t\t\t\t\t\t\t\t\t<span class=\"elementor-button-text\">Offres d&#039;emplois<\/span>\n\t\t\t\t\t<\/span>\n\t\t\t\t\t<\/a>\n\t\t\t\t<\/div>\n\t\t\t\t\t\t\t\t<\/div>\n\t\t\t\t<\/div>\n\t\t\t\t\t<\/div>\n\t\t\t\t<\/div>\n\t\t\t\t<\/div>","protected":false},"excerpt":{"rendered":"<p>En T\u00e9ciman ofrecemos un proyecto en pleno crecimiento en un entorno din\u00e1mico y competente en el que poder desarrollarte profesionalmente. Publicamos nuevas ofertas de empleo cada semana \u00a1Forma parte de nuestro equipo! Ofertas empleo \u00bfQu\u00e9 ofrecemos? Integramos talento t\u00e9cnico especializado en proyectos de alto nivel, ofreciendo a nuestros profesionales la posibilidad de crecer en entornos [&hellip;]<\/p>","protected":false},"author":1,"featured_media":0,"parent":32,"menu_order":1,"comment_status":"closed","ping_status":"closed","template":"","meta":{"_acf_changed":false,"footnotes":""},"class_list":["post-34","page","type-page","status-publish","hentry"],"acf":[],"_links":{"self":[{"href":"https:\/\/www.teciman.com\/outsourcing\/fr\/wp-json\/wp\/v2\/pages\/34","targetHints":{"allow":["GET"]}}],"collection":[{"href":"https:\/\/www.teciman.com\/outsourcing\/fr\/wp-json\/wp\/v2\/pages"}],"about":[{"href":"https:\/\/www.teciman.com\/outsourcing\/fr\/wp-json\/wp\/v2\/types\/page"}],"author":[{"embeddable":true,"href":"https:\/\/www.teciman.com\/outsourcing\/fr\/wp-json\/wp\/v2\/users\/1"}],"replies":[{"embeddable":true,"href":"https:\/\/www.teciman.com\/outsourcing\/fr\/wp-json\/wp\/v2\/comments?post=34"}],"version-history":[{"count":43,"href":"https:\/\/www.teciman.com\/outsourcing\/fr\/wp-json\/wp\/v2\/pages\/34\/revisions"}],"predecessor-version":[{"id":7013,"href":"https:\/\/www.teciman.com\/outsourcing\/fr\/wp-json\/wp\/v2\/pages\/34\/revisions\/7013"}],"up":[{"embeddable":true,"href":"https:\/\/www.teciman.com\/outsourcing\/fr\/wp-json\/wp\/v2\/pages\/32"}],"wp:attachment":[{"href":"https:\/\/www.teciman.com\/outsourcing\/fr\/wp-json\/wp\/v2\/media?parent=34"}],"curies":[{"name":"wp","href":"https:\/\/api.w.org\/{rel}","templated":true}]}}