{"id":22,"date":"2023-08-07T16:56:58","date_gmt":"2023-08-07T14:56:58","guid":{"rendered":"https:\/\/teciman.difadi.net\/?page_id=22"},"modified":"2025-10-08T07:35:31","modified_gmt":"2025-10-08T05:35:31","slug":"utillajes-maquetas-control","status":"publish","type":"page","link":"https:\/\/www.teciman.com\/metrologia\/utillajes-maquetas-control\/","title":{"rendered":"Utillajes y Maquetas de Control"},"content":{"rendered":"\t\t<div data-elementor-type=\"wp-page\" data-elementor-id=\"22\" class=\"elementor elementor-22\" data-elementor-post-type=\"page\">\n\t\t\t\t<div class=\"elementor-element elementor-element-9c6bc50 e-con-full e-flex e-con e-parent\" data-id=\"9c6bc50\" data-element_type=\"container\">\n\t\t<div class=\"elementor-element elementor-element-71f20ca e-con-full e-flex e-con e-child\" data-id=\"71f20ca\" data-element_type=\"container\" data-settings=\"{&quot;background_background&quot;:&quot;classic&quot;}\">\n\t\t<div class=\"elementor-element elementor-element-174453f e-con-full e-flex e-con e-child\" data-id=\"174453f\" data-element_type=\"container\">\n\t\t\t\t<div class=\"elementor-element elementor-element-041f15e elementor-widget elementor-widget-heading\" data-id=\"041f15e\" data-element_type=\"widget\" data-widget_type=\"heading.default\">\n\t\t\t\t<div class=\"elementor-widget-container\">\n\t\t\t\t\t<h1 class=\"elementor-heading-title elementor-size-default\">Utillajes y Maquetas de Control<\/h1>\t\t\t\t<\/div>\n\t\t\t\t<\/div>\n\t\t\t\t<div class=\"elementor-element elementor-element-65268b0 elementor-widget elementor-widget-text-editor\" data-id=\"65268b0\" data-element_type=\"widget\" data-widget_type=\"text-editor.default\">\n\t\t\t\t<div class=\"elementor-widget-container\">\n\t\t\t\t\t\t\t\t\t<p>La colaboraci\u00f3n entre las \u00e1reas de <b><a href=\"https:\/\/www.metrologiateciman.com\/proyectos-ingenieria\/\" target=\"_blank\" rel=\"noopener\">Ingenier\u00eda de Proyectos<\/a> y <a href=\"https:\/\/www.metrologiateciman.com\/metrologia-3d\/\" target=\"_blank\" rel=\"noopener\">Metrolog\u00eda 3D <\/a><\/b>de T\u00e9ciman permite ofrecer un servicio integral para utillajes y maquetas de control: dise\u00f1o, fabricaci\u00f3n, puesta a punto en geometr\u00eda, medici\u00f3n, mantenimiento\u2026<\/p>\t\t\t\t\t\t\t\t<\/div>\n\t\t\t\t<\/div>\n\t\t\t\t<\/div>\n\t\t\t\t<\/div>\n\t\t<div class=\"elementor-element elementor-element-7e4d363 e-con-full p-t-relative e-flex e-con e-child\" data-id=\"7e4d363\" data-element_type=\"container\" data-settings=\"{&quot;background_background&quot;:&quot;classic&quot;,&quot;position&quot;:&quot;absolute&quot;}\">\n\t\t\t\t<\/div>\n\t\t\t\t<\/div>\n\t\t<div class=\"elementor-element elementor-element-fde40e4 e-con-full e-flex elementor-invisible e-con e-parent\" data-id=\"fde40e4\" data-element_type=\"container\" data-settings=\"{&quot;animation&quot;:&quot;fadeInLeft&quot;,&quot;animation_delay&quot;:100}\">\n\t\t<div class=\"elementor-element elementor-element-e1980de e-con-full e-flex e-con e-child\" data-id=\"e1980de\" data-element_type=\"container\" data-settings=\"{&quot;background_background&quot;:&quot;classic&quot;}\">\n\t\t<div class=\"elementor-element elementor-element-196a8a0 e-con-full e-flex e-con e-child\" data-id=\"196a8a0\" data-element_type=\"container\">\n\t\t\t\t<div class=\"elementor-element elementor-element-ebb6ba2 elementor-widget elementor-widget-heading\" data-id=\"ebb6ba2\" data-element_type=\"widget\" data-widget_type=\"heading.default\">\n\t\t\t\t<div class=\"elementor-widget-container\">\n\t\t\t\t\t<h2 class=\"elementor-heading-title elementor-size-default\">Dise\u00f1o y Fabricaci\u00f3n<\/h2>\t\t\t\t<\/div>\n\t\t\t\t<\/div>\n\t\t\t\t<div class=\"elementor-element elementor-element-e915c63 elementor-widget elementor-widget-text-editor\" data-id=\"e915c63\" data-element_type=\"widget\" data-widget_type=\"text-editor.default\">\n\t\t\t\t<div class=\"elementor-widget-container\">\n\t\t\t\t\t\t\t\t\t<p>Llevamos a cabo el proceso completo, <b>desde el dise\u00f1o hasta la<\/b> <strong>fabricaci\u00f3n<\/strong> del utillaje o la maqueta de control.<\/p>\t\t\t\t\t\t\t\t<\/div>\n\t\t\t\t<\/div>\n\t\t\t\t<div class=\"elementor-element elementor-element-1391d34 elementor-hidden-mobile elementor-widget elementor-widget-image\" data-id=\"1391d34\" data-element_type=\"widget\" data-widget_type=\"image.default\">\n\t\t\t\t<div class=\"elementor-widget-container\">\n\t\t\t\t\t\t\t\t\t\t\t\t\t\t\t<img decoding=\"async\" width=\"1\" height=\"1\" src=\"https:\/\/www.teciman.com\/metrologia\/wp-content\/uploads\/2023\/10\/Linea-procesoTeciman_Ordenador.svg\" class=\"attachment-large size-large wp-image-1813\" alt=\"\" title=\"\">\t\t\t\t\t\t\t\t\t\t\t\t\t\t\t<\/div>\n\t\t\t\t<\/div>\n\t\t\t\t<div class=\"elementor-element elementor-element-404e1c2 elementor-hidden-desktop elementor-hidden-laptop elementor-hidden-tablet elementor-widget elementor-widget-image\" data-id=\"404e1c2\" data-element_type=\"widget\" data-widget_type=\"image.default\">\n\t\t\t\t<div class=\"elementor-widget-container\">\n\t\t\t\t\t\t\t\t\t\t\t\t\t\t\t<img decoding=\"async\" width=\"1\" height=\"1\" src=\"https:\/\/www.teciman.com\/metrologia\/wp-content\/uploads\/2023\/10\/Linea-procesoTeciman_Movil.svg\" class=\"attachment-large size-large wp-image-1812\" alt=\"\" title=\"\">\t\t\t\t\t\t\t\t\t\t\t\t\t\t\t<\/div>\n\t\t\t\t<\/div>\n\t\t\t\t<\/div>\n\t\t<div class=\"elementor-element elementor-element-fd6295f e-con-full e-flex e-con e-child\" data-id=\"fd6295f\" data-element_type=\"container\">\n\t\t<div class=\"elementor-element elementor-element-d4229f8 e-con-full e-flex e-con e-child\" data-id=\"d4229f8\" data-element_type=\"container\">\n\t\t\t\t<div class=\"elementor-element elementor-element-853ad95 elementor-widget elementor-widget-heading\" data-id=\"853ad95\" data-element_type=\"widget\" data-widget_type=\"heading.default\">\n\t\t\t\t<div class=\"elementor-widget-container\">\n\t\t\t\t\t<h3 class=\"elementor-heading-title elementor-size-default\">Servicios<\/h3>\t\t\t\t<\/div>\n\t\t\t\t<\/div>\n\t\t\t\t<div class=\"elementor-element elementor-element-a5bfa9e elementor-widget elementor-widget-n-accordion\" data-id=\"a5bfa9e\" data-element_type=\"widget\" data-settings=\"{&quot;default_state&quot;:&quot;all_collapsed&quot;,&quot;max_items_expended&quot;:&quot;one&quot;,&quot;n_accordion_animation_duration&quot;:{&quot;unit&quot;:&quot;ms&quot;,&quot;size&quot;:400,&quot;sizes&quot;:[]}}\" data-widget_type=\"nested-accordion.default\">\n\t\t\t\t<div class=\"elementor-widget-container\">\n\t\t\t\t\t\t\t<div class=\"e-n-accordion\" aria-label=\"Accordion. Open links with Enter or Space, close with Escape, and navigate with Arrow Keys\">\n\t\t\t\t\t\t<details id=\"e-n-accordion-item-1730\" class=\"e-n-accordion-item\" >\n\t\t\t\t<summary class=\"e-n-accordion-item-title\" data-accordion-index=\"1\" tabindex=\"0\" aria-expanded=\"false\" aria-controls=\"e-n-accordion-item-1730\" >\n\t\t\t\t\t<span class='e-n-accordion-item-title-header'><h4 class=\"e-n-accordion-item-title-text\"> Dise\u00f1o y Desarrollo de Utillajes <\/h4><\/span>\n\t\t\t\t\t\t\t<span class='e-n-accordion-item-title-icon'>\n\t\t\t<span class='e-opened' ><svg aria-hidden=\"true\" class=\"e-font-icon-svg e-fas-chevron-up\" viewBox=\"0 0 448 512\" xmlns=\"http:\/\/www.w3.org\/2000\/svg\"><path d=\"M240.971 130.524l194.343 194.343c9.373 9.373 9.373 24.569 0 33.941l-22.667 22.667c-9.357 9.357-24.522 9.375-33.901.04L224 227.495 69.255 381.516c-9.379 9.335-24.544 9.317-33.901-.04l-22.667-22.667c-9.373-9.373-9.373-24.569 0-33.941L207.03 130.525c9.372-9.373 24.568-9.373 33.941-.001z\"><\/path><\/svg><\/span>\n\t\t\t<span class='e-closed'><svg aria-hidden=\"true\" class=\"e-font-icon-svg e-fas-chevron-right\" viewBox=\"0 0 320 512\" xmlns=\"http:\/\/www.w3.org\/2000\/svg\"><path d=\"M285.476 272.971L91.132 467.314c-9.373 9.373-24.569 9.373-33.941 0l-22.667-22.667c-9.357-9.357-9.375-24.522-.04-33.901L188.505 256 34.484 101.255c-9.335-9.379-9.317-24.544.04-33.901l22.667-22.667c9.373-9.373 24.569-9.373 33.941 0L285.475 239.03c9.373 9.372 9.373 24.568.001 33.941z\"><\/path><\/svg><\/span>\n\t\t<\/span>\n\n\t\t\t\t\t\t<\/summary>\n\t\t\t\t<div role=\"region\" aria-labelledby=\"e-n-accordion-item-1730\" class=\"elementor-element elementor-element-88caa35 e-con-full e-flex e-con e-child\" data-id=\"88caa35\" data-element_type=\"container\">\n\t\t\t\t<div class=\"elementor-element elementor-element-2e15840 elementor-widget elementor-widget-text-editor\" data-id=\"2e15840\" data-element_type=\"widget\" data-widget_type=\"text-editor.default\">\n\t\t\t\t<div class=\"elementor-widget-container\">\n\t\t\t\t\t\t\t\t\t<p>Los utillajes son herramientas clave en la producci\u00f3n industrial eficiente y de calidad. Nuestro equipo de ingenieros especializados trabaja en estrecha colaboraci\u00f3n con nuestros clientes para dise\u00f1ar y desarrollar utillajes personalizados que optimicen los procesos de fabricaci\u00f3n.&nbsp;<\/p><p>Utilizamos tecnolog\u00edas de vanguardia, para garantizar la precisi\u00f3n, fiabilidad y durabilidad de nuestros utillajes.<\/p>\t\t\t\t\t\t\t\t<\/div>\n\t\t\t\t<\/div>\n\t\t\t\t<\/div>\n\t\t\t\t\t<\/details>\n\t\t\t\t\t<\/div>\n\t\t\t\t\t\t<\/div>\n\t\t\t\t<\/div>\n\t\t\t\t<\/div>\n\t\t<div class=\"elementor-element elementor-element-48082ac e-con-full e-flex e-con e-child\" data-id=\"48082ac\" data-element_type=\"container\">\n\t\t\t\t<div class=\"elementor-element elementor-element-5eba1a7 elementor-widget elementor-widget-n-accordion\" data-id=\"5eba1a7\" data-element_type=\"widget\" data-settings=\"{&quot;default_state&quot;:&quot;all_collapsed&quot;,&quot;max_items_expended&quot;:&quot;one&quot;,&quot;n_accordion_animation_duration&quot;:{&quot;unit&quot;:&quot;ms&quot;,&quot;size&quot;:400,&quot;sizes&quot;:[]}}\" data-widget_type=\"nested-accordion.default\">\n\t\t\t\t<div class=\"elementor-widget-container\">\n\t\t\t\t\t\t\t<div class=\"e-n-accordion\" aria-label=\"Accordion. Open links with Enter or Space, close with Escape, and navigate with Arrow Keys\">\n\t\t\t\t\t\t<details id=\"e-n-accordion-item-9930\" class=\"e-n-accordion-item\" >\n\t\t\t\t<summary class=\"e-n-accordion-item-title\" data-accordion-index=\"1\" tabindex=\"0\" aria-expanded=\"false\" aria-controls=\"e-n-accordion-item-9930\" >\n\t\t\t\t\t<span class='e-n-accordion-item-title-header'><h4 class=\"e-n-accordion-item-title-text\"> Maquetas de Control de Calidad <\/h4><\/span>\n\t\t\t\t\t\t\t<span class='e-n-accordion-item-title-icon'>\n\t\t\t<span class='e-opened' ><svg aria-hidden=\"true\" class=\"e-font-icon-svg e-fas-chevron-up\" viewBox=\"0 0 448 512\" xmlns=\"http:\/\/www.w3.org\/2000\/svg\"><path d=\"M240.971 130.524l194.343 194.343c9.373 9.373 9.373 24.569 0 33.941l-22.667 22.667c-9.357 9.357-24.522 9.375-33.901.04L224 227.495 69.255 381.516c-9.379 9.335-24.544 9.317-33.901-.04l-22.667-22.667c-9.373-9.373-9.373-24.569 0-33.941L207.03 130.525c9.372-9.373 24.568-9.373 33.941-.001z\"><\/path><\/svg><\/span>\n\t\t\t<span class='e-closed'><svg aria-hidden=\"true\" class=\"e-font-icon-svg e-fas-chevron-right\" viewBox=\"0 0 320 512\" xmlns=\"http:\/\/www.w3.org\/2000\/svg\"><path d=\"M285.476 272.971L91.132 467.314c-9.373 9.373-24.569 9.373-33.941 0l-22.667-22.667c-9.357-9.357-9.375-24.522-.04-33.901L188.505 256 34.484 101.255c-9.335-9.379-9.317-24.544.04-33.901l22.667-22.667c9.373-9.373 24.569-9.373 33.941 0L285.475 239.03c9.373 9.372 9.373 24.568.001 33.941z\"><\/path><\/svg><\/span>\n\t\t<\/span>\n\n\t\t\t\t\t\t<\/summary>\n\t\t\t\t<div role=\"region\" aria-labelledby=\"e-n-accordion-item-9930\" class=\"elementor-element elementor-element-0419fa4 e-con-full e-flex e-con e-child\" data-id=\"0419fa4\" data-element_type=\"container\">\n\t\t\t\t<div class=\"elementor-element elementor-element-3755ad6 elementor-widget elementor-widget-text-editor\" data-id=\"3755ad6\" data-element_type=\"widget\" data-widget_type=\"text-editor.default\">\n\t\t\t\t<div class=\"elementor-widget-container\">\n\t\t\t\t\t\t\t\t\t<p>Las maquetas de control de calidad son una herramienta esencial para validar los dise\u00f1os en las preseries, y evaluar los productos en la fase de vida serie.\u00a0\u00a0<\/p><p>Ofrecemos servicios de fabricaci\u00f3n de maquetas para comprobar que los productos cumplen los requisitos demandados por el proceso de desarrollo. Nuestro enfoque meticuloso y nuestra atenci\u00f3n a los peque\u00f1os detalles nos permiten crear maquetas altamente precisas y funcionales.<\/p>\t\t\t\t\t\t\t\t<\/div>\n\t\t\t\t<\/div>\n\t\t\t\t<\/div>\n\t\t\t\t\t<\/details>\n\t\t\t\t\t<\/div>\n\t\t\t\t\t\t<\/div>\n\t\t\t\t<\/div>\n\t\t\t\t<\/div>\n\t\t\t\t<\/div>\n\t\t\t\t<\/div>\n\t\t\t\t<\/div>\n\t\t<div class=\"elementor-element elementor-element-ea33819 e-con-full e-flex elementor-invisible e-con e-parent\" data-id=\"ea33819\" data-element_type=\"container\" data-settings=\"{&quot;animation&quot;:&quot;fadeInRight&quot;,&quot;animation_delay&quot;:100}\">\n\t\t<div class=\"elementor-element elementor-element-70144b5 e-con-full e-flex e-con e-child\" data-id=\"70144b5\" data-element_type=\"container\" data-settings=\"{&quot;background_background&quot;:&quot;classic&quot;}\">\n\t\t<div class=\"elementor-element elementor-element-67ec8a5 e-con-full e-flex e-con e-child\" data-id=\"67ec8a5\" data-element_type=\"container\">\n\t\t<div class=\"elementor-element elementor-element-1977ab9 e-con-full e-flex e-con e-child\" data-id=\"1977ab9\" data-element_type=\"container\">\n\t\t\t\t<div class=\"elementor-element elementor-element-84be427 elementor-widget elementor-widget-heading\" data-id=\"84be427\" data-element_type=\"widget\" data-widget_type=\"heading.default\">\n\t\t\t\t<div class=\"elementor-widget-container\">\n\t\t\t\t\t<h2 class=\"elementor-heading-title elementor-size-default\">Medici\u00f3n y Mantenimiento<\/h2>\t\t\t\t<\/div>\n\t\t\t\t<\/div>\n\t\t\t\t<div class=\"elementor-element elementor-element-07eb283 elementor-widget elementor-widget-text-editor\" data-id=\"07eb283\" data-element_type=\"widget\" data-widget_type=\"text-editor.default\">\n\t\t\t\t<div class=\"elementor-widget-container\">\n\t\t\t\t\t\t\t\t\t<p><span data-contrast=\"auto\">Realizamos la <strong>medici\u00f3n y<\/strong> el<strong> mantenimiento preventivo y correctivo<\/strong> de utillajes y maquetas de control de calidad con equipos de alta precisi\u00f3n.<\/span><span data-ccp-props=\"{&quot;201341983&quot;:0,&quot;335559740&quot;:276}\">\u00a0<\/span><\/p><p><span data-contrast=\"auto\">Comprobamos sus tolerancias y ajustamos el utillaje o maqueta de control para poner a punto su geometr\u00eda, a lo largo de todo su ciclo de vida. Si fuera necesario reparamos las piezas defectuosas o las modificamos para nuevos requisitos.<\/span><span data-ccp-props=\"{&quot;201341983&quot;:0,&quot;335559740&quot;:276}\">\u00a0<\/span><\/p>\t\t\t\t\t\t\t\t<\/div>\n\t\t\t\t<\/div>\n\t\t\t\t<\/div>\n\t\t\t\t<div class=\"elementor-element elementor-element-83476ea elementor-widget__width-initial elementor-absolute p-m-relative elementor-widget elementor-widget-image\" data-id=\"83476ea\" data-element_type=\"widget\" data-settings=\"{&quot;_position&quot;:&quot;absolute&quot;}\" data-widget_type=\"image.default\">\n\t\t\t\t<div class=\"elementor-widget-container\">\n\t\t\t\t\t\t\t\t\t\t\t\t\t\t\t<img fetchpriority=\"high\" decoding=\"async\" width=\"800\" height=\"450\" src=\"https:\/\/www.teciman.com\/metrologia\/wp-content\/uploads\/2023\/12\/medicion-mantenimiento-utillajes-maquetas-control-proyectos-ingenieria-teciman-1024x576.jpg\" class=\"attachment-large size-large wp-image-3206\" alt=\"\" srcset=\"https:\/\/www.teciman.com\/metrologia\/wp-content\/uploads\/2023\/12\/medicion-mantenimiento-utillajes-maquetas-control-proyectos-ingenieria-teciman-1024x576.jpg 1024w, https:\/\/www.teciman.com\/metrologia\/wp-content\/uploads\/2023\/12\/medicion-mantenimiento-utillajes-maquetas-control-proyectos-ingenieria-teciman-300x169.jpg 300w, https:\/\/www.teciman.com\/metrologia\/wp-content\/uploads\/2023\/12\/medicion-mantenimiento-utillajes-maquetas-control-proyectos-ingenieria-teciman-768x432.jpg 768w, https:\/\/www.teciman.com\/metrologia\/wp-content\/uploads\/2023\/12\/medicion-mantenimiento-utillajes-maquetas-control-proyectos-ingenieria-teciman-1536x864.jpg 1536w, https:\/\/www.teciman.com\/metrologia\/wp-content\/uploads\/2023\/12\/medicion-mantenimiento-utillajes-maquetas-control-proyectos-ingenieria-teciman-2048x1152.jpg 2048w\" sizes=\"(max-width: 800px) 100vw, 800px\" title=\"\">\t\t\t\t\t\t\t\t\t\t\t\t\t\t\t<\/div>\n\t\t\t\t<\/div>\n\t\t\t\t<\/div>\n\t\t<div class=\"elementor-element elementor-element-f42cdcb e-con-full e-flex e-con e-child\" data-id=\"f42cdcb\" data-element_type=\"container\">\n\t\t<div class=\"elementor-element elementor-element-3e16563 e-flex e-con-boxed e-con e-child\" data-id=\"3e16563\" data-element_type=\"container\">\n\t\t\t\t\t<div class=\"e-con-inner\">\n\t\t\t\t<div class=\"elementor-element elementor-element-93c2c0b elementor-widget elementor-widget-heading\" data-id=\"93c2c0b\" data-element_type=\"widget\" data-widget_type=\"heading.default\">\n\t\t\t\t<div class=\"elementor-widget-container\">\n\t\t\t\t\t<h3 class=\"elementor-heading-title elementor-size-default\">Servicios<\/h3>\t\t\t\t<\/div>\n\t\t\t\t<\/div>\n\t\t\t\t<div class=\"elementor-element elementor-element-fc1b9aa elementor-widget elementor-widget-n-accordion\" data-id=\"fc1b9aa\" data-element_type=\"widget\" data-settings=\"{&quot;default_state&quot;:&quot;all_collapsed&quot;,&quot;max_items_expended&quot;:&quot;one&quot;,&quot;n_accordion_animation_duration&quot;:{&quot;unit&quot;:&quot;ms&quot;,&quot;size&quot;:400,&quot;sizes&quot;:[]}}\" data-widget_type=\"nested-accordion.default\">\n\t\t\t\t<div class=\"elementor-widget-container\">\n\t\t\t\t\t\t\t<div class=\"e-n-accordion\" aria-label=\"Accordion. Open links with Enter or Space, close with Escape, and navigate with Arrow Keys\">\n\t\t\t\t\t\t<details id=\"e-n-accordion-item-2640\" class=\"e-n-accordion-item\" >\n\t\t\t\t<summary class=\"e-n-accordion-item-title\" data-accordion-index=\"1\" tabindex=\"0\" aria-expanded=\"false\" aria-controls=\"e-n-accordion-item-2640\" >\n\t\t\t\t\t<span class='e-n-accordion-item-title-header'><h4 class=\"e-n-accordion-item-title-text\"> Medici\u00f3n de Utillajes y Maquetas <\/h4><\/span>\n\t\t\t\t\t\t\t<span class='e-n-accordion-item-title-icon'>\n\t\t\t<span class='e-opened' ><svg aria-hidden=\"true\" class=\"e-font-icon-svg e-fas-chevron-up\" viewBox=\"0 0 448 512\" xmlns=\"http:\/\/www.w3.org\/2000\/svg\"><path d=\"M240.971 130.524l194.343 194.343c9.373 9.373 9.373 24.569 0 33.941l-22.667 22.667c-9.357 9.357-24.522 9.375-33.901.04L224 227.495 69.255 381.516c-9.379 9.335-24.544 9.317-33.901-.04l-22.667-22.667c-9.373-9.373-9.373-24.569 0-33.941L207.03 130.525c9.372-9.373 24.568-9.373 33.941-.001z\"><\/path><\/svg><\/span>\n\t\t\t<span class='e-closed'><svg aria-hidden=\"true\" class=\"e-font-icon-svg e-fas-chevron-right\" viewBox=\"0 0 320 512\" xmlns=\"http:\/\/www.w3.org\/2000\/svg\"><path d=\"M285.476 272.971L91.132 467.314c-9.373 9.373-24.569 9.373-33.941 0l-22.667-22.667c-9.357-9.357-9.375-24.522-.04-33.901L188.505 256 34.484 101.255c-9.335-9.379-9.317-24.544.04-33.901l22.667-22.667c9.373-9.373 24.569-9.373 33.941 0L285.475 239.03c9.373 9.372 9.373 24.568.001 33.941z\"><\/path><\/svg><\/span>\n\t\t<\/span>\n\n\t\t\t\t\t\t<\/summary>\n\t\t\t\t<div role=\"region\" aria-labelledby=\"e-n-accordion-item-2640\" class=\"elementor-element elementor-element-be609ba e-con-full e-flex e-con e-child\" data-id=\"be609ba\" data-element_type=\"container\">\n\t\t\t\t<div class=\"elementor-element elementor-element-ed2b5b5 elementor-widget elementor-widget-text-editor\" data-id=\"ed2b5b5\" data-element_type=\"widget\" data-widget_type=\"text-editor.default\">\n\t\t\t\t<div class=\"elementor-widget-container\">\n\t\t\t\t\t\t\t\t\t<p>Nuestros especialistas en <a href=\"https:\/\/www.metrologiateciman.com\/metrologia-3d\/servicios-metrologia\/servicios-medicion\/\" data-wplink-edit=\"true\" target=\"_blank\" rel=\"noopener\">medici\u00f3n <\/a>utilizan tecnolog\u00eda de vanguardia para realizar mediciones de los utillajes y maquetas de control de calidad.<\/p>\t\t\t\t\t\t\t\t<\/div>\n\t\t\t\t<\/div>\n\t\t\t\t<\/div>\n\t\t\t\t\t<\/details>\n\t\t\t\t\t<\/div>\n\t\t\t\t\t\t<\/div>\n\t\t\t\t<\/div>\n\t\t\t\t\t<\/div>\n\t\t\t\t<\/div>\n\t\t<div class=\"elementor-element elementor-element-dcc6f1c e-con-full e-flex e-con e-child\" data-id=\"dcc6f1c\" data-element_type=\"container\">\n\t\t\t\t<div class=\"elementor-element elementor-element-1737a07 elementor-widget elementor-widget-n-accordion\" data-id=\"1737a07\" data-element_type=\"widget\" data-settings=\"{&quot;default_state&quot;:&quot;all_collapsed&quot;,&quot;max_items_expended&quot;:&quot;one&quot;,&quot;n_accordion_animation_duration&quot;:{&quot;unit&quot;:&quot;ms&quot;,&quot;size&quot;:400,&quot;sizes&quot;:[]}}\" data-widget_type=\"nested-accordion.default\">\n\t\t\t\t<div class=\"elementor-widget-container\">\n\t\t\t\t\t\t\t<div class=\"e-n-accordion\" aria-label=\"Accordion. Open links with Enter or Space, close with Escape, and navigate with Arrow Keys\">\n\t\t\t\t\t\t<details id=\"e-n-accordion-item-2430\" class=\"e-n-accordion-item\" >\n\t\t\t\t<summary class=\"e-n-accordion-item-title\" data-accordion-index=\"1\" tabindex=\"0\" aria-expanded=\"false\" aria-controls=\"e-n-accordion-item-2430\" >\n\t\t\t\t\t<span class='e-n-accordion-item-title-header'><h4 class=\"e-n-accordion-item-title-text\"> Mantenimiento Preventivo y Correctivo <\/h4><\/span>\n\t\t\t\t\t\t\t<span class='e-n-accordion-item-title-icon'>\n\t\t\t<span class='e-opened' ><svg aria-hidden=\"true\" class=\"e-font-icon-svg e-fas-chevron-up\" viewBox=\"0 0 448 512\" xmlns=\"http:\/\/www.w3.org\/2000\/svg\"><path d=\"M240.971 130.524l194.343 194.343c9.373 9.373 9.373 24.569 0 33.941l-22.667 22.667c-9.357 9.357-24.522 9.375-33.901.04L224 227.495 69.255 381.516c-9.379 9.335-24.544 9.317-33.901-.04l-22.667-22.667c-9.373-9.373-9.373-24.569 0-33.941L207.03 130.525c9.372-9.373 24.568-9.373 33.941-.001z\"><\/path><\/svg><\/span>\n\t\t\t<span class='e-closed'><svg aria-hidden=\"true\" class=\"e-font-icon-svg e-fas-chevron-right\" viewBox=\"0 0 320 512\" xmlns=\"http:\/\/www.w3.org\/2000\/svg\"><path d=\"M285.476 272.971L91.132 467.314c-9.373 9.373-24.569 9.373-33.941 0l-22.667-22.667c-9.357-9.357-9.375-24.522-.04-33.901L188.505 256 34.484 101.255c-9.335-9.379-9.317-24.544.04-33.901l22.667-22.667c9.373-9.373 24.569-9.373 33.941 0L285.475 239.03c9.373 9.372 9.373 24.568.001 33.941z\"><\/path><\/svg><\/span>\n\t\t<\/span>\n\n\t\t\t\t\t\t<\/summary>\n\t\t\t\t<div role=\"region\" aria-labelledby=\"e-n-accordion-item-2430\" class=\"elementor-element elementor-element-2264e5d e-con-full e-flex e-con e-child\" data-id=\"2264e5d\" data-element_type=\"container\">\n\t\t\t\t<div class=\"elementor-element elementor-element-9067cf4 elementor-widget elementor-widget-text-editor\" data-id=\"9067cf4\" data-element_type=\"widget\" data-widget_type=\"text-editor.default\">\n\t\t\t\t<div class=\"elementor-widget-container\">\n\t\t\t\t\t\t\t\t\t<p>Un buen <a href=\"https:\/\/www.metrologiateciman.com\/metrologia-3d\/servicios-metrologia\/servicios-medicion\/\" target=\"_blank\" rel=\"noopener\">mantenimiento<\/a> es esencial para asegurar el rendimiento \u00f3ptimo y una vida \u00fatil prolongada de los utillajes y maquetas. Ofrecemos servicios de mantenimiento preventivo y correctivo, dise\u00f1ados para identificar y solucionar problemas antes de que afecten a la calidad y productividad. Nuestro equipo altamente capacitado puede realizar inspecciones regulares, ajustes, reparaciones y reacondicionamientos para mantener tus utillajes en excelentes condiciones y en geometr\u00eda.<\/p>\t\t\t\t\t\t\t\t<\/div>\n\t\t\t\t<\/div>\n\t\t\t\t<\/div>\n\t\t\t\t\t<\/details>\n\t\t\t\t\t<\/div>\n\t\t\t\t\t\t<\/div>\n\t\t\t\t<\/div>\n\t\t\t\t<\/div>\n\t\t\t\t<\/div>\n\t\t\t\t<\/div>\n\t\t\t\t<\/div>\n\t\t\t\t<\/div>\n\t\t","protected":false},"excerpt":{"rendered":"<p>La colaboraci\u00f3n entre las \u00e1reas de Ingenier\u00eda de Proyectos y Metrolog\u00eda 3D de T\u00e9ciman permite ofrecer un servicio integral para utillajes y maquetas de control: dise\u00f1o, fabricaci\u00f3n, puesta a punto en geometr\u00eda, medici\u00f3n, mantenimiento\u2026 Dise\u00f1o y Fabricaci\u00f3n Llevamos a cabo el proceso completo, desde el dise\u00f1o hasta la fabricaci\u00f3n del utillaje o la maqueta de [&hellip;]<\/p>\n","protected":false},"author":1,"featured_media":0,"parent":0,"menu_order":3,"comment_status":"closed","ping_status":"closed","template":"","meta":{"_acf_changed":false,"footnotes":""},"class_list":["post-22","page","type-page","status-publish","hentry"],"acf":[],"_links":{"self":[{"href":"https:\/\/www.teciman.com\/metrologia\/wp-json\/wp\/v2\/pages\/22","targetHints":{"allow":["GET"]}}],"collection":[{"href":"https:\/\/www.teciman.com\/metrologia\/wp-json\/wp\/v2\/pages"}],"about":[{"href":"https:\/\/www.teciman.com\/metrologia\/wp-json\/wp\/v2\/types\/page"}],"author":[{"embeddable":true,"href":"https:\/\/www.teciman.com\/metrologia\/wp-json\/wp\/v2\/users\/1"}],"replies":[{"embeddable":true,"href":"https:\/\/www.teciman.com\/metrologia\/wp-json\/wp\/v2\/comments?post=22"}],"version-history":[{"count":39,"href":"https:\/\/www.teciman.com\/metrologia\/wp-json\/wp\/v2\/pages\/22\/revisions"}],"predecessor-version":[{"id":6984,"href":"https:\/\/www.teciman.com\/metrologia\/wp-json\/wp\/v2\/pages\/22\/revisions\/6984"}],"wp:attachment":[{"href":"https:\/\/www.teciman.com\/metrologia\/wp-json\/wp\/v2\/media?parent=22"}],"curies":[{"name":"wp","href":"https:\/\/api.w.org\/{rel}","templated":true}]}}