{"id":1430,"date":"2023-09-19T10:20:42","date_gmt":"2023-09-19T08:20:42","guid":{"rendered":"https:\/\/teciman.difadi.net\/?page_id=1430"},"modified":"2024-01-12T07:23:14","modified_gmt":"2024-01-12T06:23:14","slug":"politica-de-privacidad","status":"publish","type":"page","link":"https:\/\/www.teciman.com\/metrologia\/politica-de-privacidad\/","title":{"rendered":"Pol\u00edtica de privacidad"},"content":{"rendered":"<h2 class=\"special-heading text-center\"><span class=\"text-capitalize \">Pol\u00edtica De Privacidad<\/span><\/h2>\n<div class=\"fw-divider-space divider-30\"><\/div>\n<ol>\n<li><strong>Datos del responsable del tratamiento<\/strong><\/li>\n<\/ol>\n<p>Raz\u00f3n Social: T\u00c9CIMAN INTERNATIONAL, S.L.<\/p>\n<p>NIF: B09245960<\/p>\n<p>Domicilio: C\/ Vitoria 305 P.E. Inbisa Villafr\u00eda Naves 4, 5E, 09007 Burgos<\/p>\n<p>Email:\u00a0<a href=\"mailto:administracion@metrologiateciman.com\">administracion@metrologiateciman.com<\/a><\/p>\n<p>P\u00e1gina web:\u00a0<a href=\"http:\/\/www.metrologiateciman.com\/\" target=\"_blank\" rel=\"noopener\">www.metrologiateciman.com<\/a><\/p>\n<ol start=\"2\">\n<li><strong>Normativa aplicable<\/strong><\/li>\n<\/ol>\n<p>Nuestra Pol\u00edtica de Privacidad se ha dise\u00f1ado de acuerdo con el Reglamento General de Protecci\u00f3n de Datos de la UE 2016\/679 del Parlamento Europeo y del Consejo, de 27 de abril de 2016, relativo a la protecci\u00f3n de las personas f\u00edsicas en lo que respecta al tratamiento de datos personales y a la libre circulaci\u00f3n de estos datos y por el que se deroga la Directiva 95\/46\/CE (Reglamento general de protecci\u00f3n de datos), con la Ley Org\u00e1nica 3\/2018, de 5 de diciembre, de Protecci\u00f3n de Datos Personales y garant\u00eda de los derechos digitales, y su normativa de desarrollo.<\/p>\n<p>Al facilitarnos sus datos, Usted declara haber le\u00eddo y conocer la presente Pol\u00edtica de Privacidad, prestando su consentimiento inequ\u00edvoco y expreso al tratamiento de sus datos personales de acuerdo a las finalidades y t\u00e9rminos aqu\u00ed expresados.<\/p>\n<p>La empresa podr\u00e1 modificar la presente pol\u00edtica de privacidad para adaptarla a las novedades legislativas, jurisprudenciales o de interpretaci\u00f3n de la Agencia Espa\u00f1ola de Protecci\u00f3n de Datos. Estas condiciones de privacidad podr\u00e1n ser complementadas por el Aviso Legal, Pol\u00edtica de Cookies y las Condiciones Generales que, en su caso, se recojan para determinados productos o servicios, si dicho acceso supone alguna especialidad en materia de protecci\u00f3n de datos de car\u00e1cter personal.<\/p>\n<ol start=\"3\">\n<li><strong>Finalidad del tratamiento de los datos personales<\/strong><\/li>\n<\/ol>\n<p>El tratamiento que realizamos de sus datos personales responde a las siguientes finalidades:<\/p>\n<p>&#8211; Gestionar lo solicitado por usted a trav\u00e9s del formulario de contacto.<\/p>\n<p>&#8211; Ejecutar el contrato de prestaci\u00f3n de servicios con usted<\/p>\n<p>&#8211; Remitirle informaci\u00f3n comercial en base a nuestra relaci\u00f3n contractual previa.<\/p>\n<p>&#8211; Gestionar una relaci\u00f3n precontractual a trav\u00e9s de un presupuesto previamente solicitado por usted<\/p>\n<ol start=\"4\">\n<li><strong>Legitimaci\u00f3n para tratar los datos recabados<\/strong><\/li>\n<\/ol>\n<p>Formulario de contacto: La legitimaci\u00f3n para el tratamiento de sus datos es el consentimiento del interesado en el momento de facilitarnos la informaci\u00f3n, manifestado a trav\u00e9s de la marcaci\u00f3n de la casilla de aceptaci\u00f3n correspondiente.<\/p>\n<p>Facturaci\u00f3n: La legitimaci\u00f3n para el tratamiento de sus datos es la ejecuci\u00f3n del contrato de prestaci\u00f3n de servicios, as\u00ed como la facturaci\u00f3n y contabilizaci\u00f3n del mismo.<\/p>\n<p>Env\u00edo de comunicaciones comerciales: La base jur\u00eddica es el inter\u00e9s leg\u00edtimo existente, en base a nuestra relaci\u00f3n contractual previa.<\/p>\n<p>Presupuesto: La legitimaci\u00f3n para el tratamiento de sus datos es la petici\u00f3n por su parte de medidas precontractuales previas a un contrato de prestaci\u00f3n de servicios.<\/p>\n<ol start=\"5\">\n<li><strong>\u00bfPor cu\u00e1nto tiempo conservaremos sus datos?<\/strong><\/li>\n<\/ol>\n<p>Formulario de contacto: Conservaremos sus datos personales desde que nos d\u00e9 su consentimiento hasta que lo revoque o bien solicite la limitaci\u00f3n del tratamiento. En tales casos, mantendremos sus datos de manera bloqueada durante los plazos legalmente exigidos.<\/p>\n<p>Facturaci\u00f3n: Conservaremos sus datos personales durante el tiempo necesario para el cumplimiento de las obligaciones legales.<\/p>\n<p>Presupuesto: Conservaremos sus datos personales durante el tiempo necesario para el cumplimiento de las obligaciones legales.<\/p>\n<ol start=\"6\">\n<li><strong>Medidas de seguridad<\/strong><\/li>\n<\/ol>\n<p>Dentro de nuestro compromiso por garantizar la seguridad y confidencialidad de sus datos de car\u00e1cter personal, le informamos que se han adoptado las medidas de \u00edndole t\u00e9cnica y organizativas necesarias para garantizar la seguridad de los datos de car\u00e1cter personal y evitar su alteraci\u00f3n, p\u00e9rdida, tratamiento o acceso no autorizado, habida cuenta del estado de la tecnolog\u00eda, la naturaleza de los datos almacenados y los riesgos a que est\u00e9n expuestos. No obstante, lo anterior, el usuario debe ser consciente de que las medidas de seguridad en Internet no son inexpugnables.<\/p>\n<p>Usted puede obtener m\u00e1s informaci\u00f3n sobre las medidas de seguridad que aplicamos contactando con nosotros en los canales indicados al inicio de la presente Pol\u00edtica de Privacidad en el apartado de identificaci\u00f3n del Responsable del tratamiento.<\/p>\n<ol start=\"7\">\n<li><strong>Derechos del Interesado<\/strong><\/li>\n<\/ol>\n<p>El interesado tiene los siguientes derechos en cuanto al tratamiento de sus datos personales:<\/p>\n<p>\u2013 Derecho a solicitar el acceso a sus datos personales.<\/p>\n<p>\u2013 Derecho a solicitar su rectificaci\u00f3n si son inexactos, o bien solicitar su supresi\u00f3n (por ejemplo, si considera que ya no son necesarios para los fines que fueron recogidos).<\/p>\n<p>\u2013 Derecho a solicitar la limitaci\u00f3n de su tratamiento, siempre que se cumpla alguna de las condiciones previstas en la normativa, en cuyo caso \u00fanicamente los conservaremos para el ejercicio o la defensa de reclamaciones.<\/p>\n<p>\u2013 Derecho a oponerse al tratamiento, por ejemplo en cuanto a la remisi\u00f3n de informaci\u00f3n comercial por nuestra parte, en cuyo caso dejaremos de tratar sus datos para esa finalidad, salvo por motivos leg\u00edtimos imperiosos, o el ejercicio o la defensa de posibles reclamaciones.<\/p>\n<p>\u2013 Derecho a la portabilidad de los datos.<\/p>\n<p>\u2013 Derecho a presentar una reclamaci\u00f3n ante la Agencia Espa\u00f1ola de Protecci\u00f3n de Datos (autoridad de control en materia de Protecci\u00f3n de Datos competente), especialmente cuando no haya obtenido satisfacci\u00f3n en el ejercicio de sus derechos:\u00a0<a href=\"http:\/\/www.aepd.es\/\" target=\"_blank\" rel=\"noopener\">www.aepd.es<\/a><\/p>\n","protected":false},"excerpt":{"rendered":"<p>Pol\u00edtica De Privacidad Datos del responsable del tratamiento Raz\u00f3n Social: T\u00c9CIMAN INTERNATIONAL, S.L. NIF: B09245960 Domicilio: C\/ Vitoria 305 P.E. Inbisa Villafr\u00eda Naves 4, 5E, 09007 Burgos Email:\u00a0administracion@metrologiateciman.com P\u00e1gina web:\u00a0www.metrologiateciman.com Normativa aplicable Nuestra Pol\u00edtica de Privacidad se ha dise\u00f1ado de acuerdo con el Reglamento General de Protecci\u00f3n de Datos de la UE 2016\/679 del Parlamento [&hellip;]<\/p>\n","protected":false},"author":1,"featured_media":0,"parent":0,"menu_order":0,"comment_status":"closed","ping_status":"closed","template":"","meta":{"_acf_changed":false,"footnotes":""},"class_list":["post-1430","page","type-page","status-publish","hentry"],"acf":[],"_links":{"self":[{"href":"https:\/\/www.teciman.com\/metrologia\/wp-json\/wp\/v2\/pages\/1430","targetHints":{"allow":["GET"]}}],"collection":[{"href":"https:\/\/www.teciman.com\/metrologia\/wp-json\/wp\/v2\/pages"}],"about":[{"href":"https:\/\/www.teciman.com\/metrologia\/wp-json\/wp\/v2\/types\/page"}],"author":[{"embeddable":true,"href":"https:\/\/www.teciman.com\/metrologia\/wp-json\/wp\/v2\/users\/1"}],"replies":[{"embeddable":true,"href":"https:\/\/www.teciman.com\/metrologia\/wp-json\/wp\/v2\/comments?post=1430"}],"version-history":[{"count":1,"href":"https:\/\/www.teciman.com\/metrologia\/wp-json\/wp\/v2\/pages\/1430\/revisions"}],"predecessor-version":[{"id":3648,"href":"https:\/\/www.teciman.com\/metrologia\/wp-json\/wp\/v2\/pages\/1430\/revisions\/3648"}],"wp:attachment":[{"href":"https:\/\/www.teciman.com\/metrologia\/wp-json\/wp\/v2\/media?parent=1430"}],"curies":[{"name":"wp","href":"https:\/\/api.w.org\/{rel}","templated":true}]}}