{"id":22,"date":"2023-08-07T16:56:58","date_gmt":"2023-08-07T14:56:58","guid":{"rendered":"https:\/\/teciman.difadi.net\/?page_id=22"},"modified":"2025-10-08T07:35:31","modified_gmt":"2025-10-08T05:35:31","slug":"outils","status":"publish","type":"page","link":"https:\/\/www.teciman.com\/metrologia\/fr\/outils\/","title":{"rendered":"Outils et Mod\u00e8les de Contr\u00f4le"},"content":{"rendered":"<div data-elementor-type=\"wp-page\" data-elementor-id=\"22\" class=\"elementor elementor-22\" data-elementor-post-type=\"page\">\n\t\t\t\t<div class=\"elementor-element elementor-element-9c6bc50 e-con-full e-flex e-con e-parent\" data-id=\"9c6bc50\" data-element_type=\"container\">\n\t\t<div class=\"elementor-element elementor-element-71f20ca e-con-full e-flex e-con e-child\" data-id=\"71f20ca\" data-element_type=\"container\" data-settings=\"{&quot;background_background&quot;:&quot;classic&quot;}\">\n\t\t<div class=\"elementor-element elementor-element-174453f e-con-full e-flex e-con e-child\" data-id=\"174453f\" data-element_type=\"container\">\n\t\t\t\t<div class=\"elementor-element elementor-element-041f15e elementor-widget elementor-widget-heading\" data-id=\"041f15e\" data-element_type=\"widget\" data-widget_type=\"heading.default\">\n\t\t\t\t<div class=\"elementor-widget-container\">\n\t\t\t\t\t<h1 class=\"elementor-heading-title elementor-size-default\">Outils et Mod\u00e8les de Contr\u00f4le<\/h1>\t\t\t\t<\/div>\n\t\t\t\t<\/div>\n\t\t\t\t<div class=\"elementor-element elementor-element-65268b0 elementor-widget elementor-widget-text-editor\" data-id=\"65268b0\" data-element_type=\"widget\" data-widget_type=\"text-editor.default\">\n\t\t\t\t<div class=\"elementor-widget-container\">\n\t\t\t\t\t\t\t\t\t<p>Collaboration entre les domaines de <b><a href=\"https:\/\/www.metrologiateciman.com\/proyectos-ingenieria\/\" target=\"_blank\" rel=\"noopener\">Projet d&#039;ing\u00e9nierie<\/a> et <a href=\"https:\/\/www.metrologiateciman.com\/metrologia-3d\/\" target=\"_blank\" rel=\"noopener\">M\u00e9trologie 3D <\/a><\/b>de T\u00e9ciman nous permet de proposer un service complet d&#039;outillage et de mod\u00e8les de contr\u00f4le : conception, fabrication, mise au point de g\u00e9om\u00e9trie, mesure, maintenance...<\/p>\t\t\t\t\t\t\t\t<\/div>\n\t\t\t\t<\/div>\n\t\t\t\t<\/div>\n\t\t\t\t<\/div>\n\t\t<div class=\"elementor-element elementor-element-7e4d363 e-con-full p-t-relative e-flex e-con e-child\" data-id=\"7e4d363\" data-element_type=\"container\" data-settings=\"{&quot;background_background&quot;:&quot;classic&quot;,&quot;position&quot;:&quot;absolute&quot;}\">\n\t\t\t\t<\/div>\n\t\t\t\t<\/div>\n\t\t<div class=\"elementor-element elementor-element-fde40e4 e-con-full e-flex elementor-invisible e-con e-parent\" data-id=\"fde40e4\" data-element_type=\"container\" data-settings=\"{&quot;animation&quot;:&quot;fadeInLeft&quot;,&quot;animation_delay&quot;:100}\">\n\t\t<div class=\"elementor-element elementor-element-e1980de e-con-full e-flex e-con e-child\" data-id=\"e1980de\" data-element_type=\"container\" data-settings=\"{&quot;background_background&quot;:&quot;classic&quot;}\">\n\t\t<div class=\"elementor-element elementor-element-196a8a0 e-con-full e-flex e-con e-child\" data-id=\"196a8a0\" data-element_type=\"container\">\n\t\t\t\t<div class=\"elementor-element elementor-element-ebb6ba2 elementor-widget elementor-widget-heading\" data-id=\"ebb6ba2\" data-element_type=\"widget\" data-widget_type=\"heading.default\">\n\t\t\t\t<div class=\"elementor-widget-container\">\n\t\t\t\t\t<h2 class=\"elementor-heading-title elementor-size-default\">Conception et fabrication<\/h2>\t\t\t\t<\/div>\n\t\t\t\t<\/div>\n\t\t\t\t<div class=\"elementor-element elementor-element-e915c63 elementor-widget elementor-widget-text-editor\" data-id=\"e915c63\" data-element_type=\"widget\" data-widget_type=\"text-editor.default\">\n\t\t\t\t<div class=\"elementor-widget-container\">\n\t\t\t\t\t\t\t\t\t<p>Nous effectuons le processus complet, <b>de la conception \u00e0<\/b> <strong>fabrication<\/strong> de l\u2019outillage ou du mod\u00e8le de contr\u00f4le.<\/p>\t\t\t\t\t\t\t\t<\/div>\n\t\t\t\t<\/div>\n\t\t\t\t<div class=\"elementor-element elementor-element-1391d34 elementor-hidden-mobile elementor-widget elementor-widget-image\" data-id=\"1391d34\" data-element_type=\"widget\" data-widget_type=\"image.default\">\n\t\t\t\t<div class=\"elementor-widget-container\">\n\t\t\t\t\t\t\t\t\t\t\t\t\t\t\t<img decoding=\"async\" width=\"1\" height=\"1\" src=\"https:\/\/www.teciman.com\/metrologia\/wp-content\/uploads\/2023\/10\/Linea-procesoTeciman_Ordenador.svg\" class=\"attachment-large size-large wp-image-1813\" alt=\"\" title=\"\">\t\t\t\t\t\t\t\t\t\t\t\t\t\t\t<\/div>\n\t\t\t\t<\/div>\n\t\t\t\t<div class=\"elementor-element elementor-element-404e1c2 elementor-hidden-desktop elementor-hidden-laptop elementor-hidden-tablet elementor-widget elementor-widget-image\" data-id=\"404e1c2\" data-element_type=\"widget\" data-widget_type=\"image.default\">\n\t\t\t\t<div class=\"elementor-widget-container\">\n\t\t\t\t\t\t\t\t\t\t\t\t\t\t\t<img decoding=\"async\" width=\"1\" height=\"1\" src=\"https:\/\/www.teciman.com\/metrologia\/wp-content\/uploads\/2023\/10\/Linea-procesoTeciman_Movil.svg\" class=\"attachment-large size-large wp-image-1812\" alt=\"\" title=\"\">\t\t\t\t\t\t\t\t\t\t\t\t\t\t\t<\/div>\n\t\t\t\t<\/div>\n\t\t\t\t<\/div>\n\t\t<div class=\"elementor-element elementor-element-fd6295f e-con-full e-flex e-con e-child\" data-id=\"fd6295f\" data-element_type=\"container\">\n\t\t<div class=\"elementor-element elementor-element-d4229f8 e-con-full e-flex e-con e-child\" data-id=\"d4229f8\" data-element_type=\"container\">\n\t\t\t\t<div class=\"elementor-element elementor-element-853ad95 elementor-widget elementor-widget-heading\" data-id=\"853ad95\" data-element_type=\"widget\" data-widget_type=\"heading.default\">\n\t\t\t\t<div class=\"elementor-widget-container\">\n\t\t\t\t\t<h3 class=\"elementor-heading-title elementor-size-default\">Prestations de service<\/h3>\t\t\t\t<\/div>\n\t\t\t\t<\/div>\n\t\t\t\t<div class=\"elementor-element elementor-element-a5bfa9e elementor-widget elementor-widget-n-accordion\" data-id=\"a5bfa9e\" data-element_type=\"widget\" data-settings=\"{&quot;default_state&quot;:&quot;all_collapsed&quot;,&quot;max_items_expended&quot;:&quot;one&quot;,&quot;n_accordion_animation_duration&quot;:{&quot;unit&quot;:&quot;ms&quot;,&quot;size&quot;:400,&quot;sizes&quot;:[]}}\" data-widget_type=\"nested-accordion.default\">\n\t\t\t\t<div class=\"elementor-widget-container\">\n\t\t\t\t\t\t\t<div class=\"e-n-accordion\" aria-label=\"Accord\u00e9on. Ouvrez les liens avec Entr\u00e9e ou Espace, fermez avec \u00c9chap et naviguez avec les touches fl\u00e9ch\u00e9es\">\n\t\t\t\t\t\t<details id=\"e-n-accordion-item-1730\" class=\"e-n-accordion-item\" >\n\t\t\t\t<summary class=\"e-n-accordion-item-title\" data-accordion-index=\"1\" tabindex=\"0\" aria-expanded=\"false\" aria-controls=\"e-n-accordion-item-1730\" >\n\t\t\t\t\t<span class='e-n-accordion-item-title-header'><h4 class=\"e-n-accordion-item-title-text\"> Conception et d\u00e9veloppement d&#039;outillage <\/h4><\/span>\n\t\t\t\t\t\t\t<span class='e-n-accordion-item-title-icon'>\n\t\t\t<span class='e-opened' ><svg aria-hidden=\"true\" class=\"e-font-icon-svg e-fas-chevron-up\" viewbox=\"0 0 448 512\" xmlns=\"http:\/\/www.w3.org\/2000\/svg\"><path d=\"M240.971 130.524l194.343 194.343c9.373 9.373 9.373 24.569 0 33.941l-22.667 22.667c-9.357 9.357-24.522 9.375-33.901.04L224 227.495 69.255 381.516c-9.379 9.335-24.544 9.317-33.901-.04l-22.667-22.667c-9.373-9.373-9.373-24.569 0-33.941L207.03 130.525c9.372-9.373 24.568-9.373 33.941-.001z\"><\/path><\/svg><\/span>\n\t\t\t<span class='e-closed'><svg aria-hidden=\"true\" class=\"e-font-icon-svg e-fas-chevron-right\" viewbox=\"0 0 320 512\" xmlns=\"http:\/\/www.w3.org\/2000\/svg\"><path d=\"M285.476 272.971L91.132 467.314c-9.373 9.373-24.569 9.373-33.941 0l-22.667-22.667c-9.357-9.357-9.375-24.522-.04-33.901L188.505 256 34.484 101.255c-9.335-9.379-9.317-24.544.04-33.901l22.667-22.667c9.373-9.373 24.569-9.373 33.941 0L285.475 239.03c9.373 9.372 9.373 24.568.001 33.941z\"><\/path><\/svg><\/span>\n\t\t<\/span>\n\n\t\t\t\t\t\t<\/summary>\n\t\t\t\t<div role=\"region\" aria-labelledby=\"e-n-accordion-item-1730\" class=\"elementor-element elementor-element-88caa35 e-con-full e-flex e-con e-child\" data-id=\"88caa35\" data-element_type=\"container\">\n\t\t\t\t<div class=\"elementor-element elementor-element-2e15840 elementor-widget elementor-widget-text-editor\" data-id=\"2e15840\" data-element_type=\"widget\" data-widget_type=\"text-editor.default\">\n\t\t\t\t<div class=\"elementor-widget-container\">\n\t\t\t\t\t\t\t\t\t<p>Les outils sont des outils cl\u00e9s dans une production industrielle efficace et de qualit\u00e9. Notre \u00e9quipe d&#039;ing\u00e9nieurs sp\u00e9cialis\u00e9s travaille en \u00e9troite collaboration avec nos clients pour concevoir et d\u00e9velopper des outillages personnalis\u00e9s qui optimisent les processus de fabrication.&nbsp;<\/p><p>Nous utilisons des technologies de pointe pour garantir la pr\u00e9cision, la fiabilit\u00e9 et la durabilit\u00e9 de nos outils.<\/p>\t\t\t\t\t\t\t\t<\/div>\n\t\t\t\t<\/div>\n\t\t\t\t<\/div>\n\t\t\t\t\t<\/details>\n\t\t\t\t\t<\/div>\n\t\t\t\t\t\t<\/div>\n\t\t\t\t<\/div>\n\t\t\t\t<\/div>\n\t\t<div class=\"elementor-element elementor-element-48082ac e-con-full e-flex e-con e-child\" data-id=\"48082ac\" data-element_type=\"container\">\n\t\t\t\t<div class=\"elementor-element elementor-element-5eba1a7 elementor-widget elementor-widget-n-accordion\" data-id=\"5eba1a7\" data-element_type=\"widget\" data-settings=\"{&quot;default_state&quot;:&quot;all_collapsed&quot;,&quot;max_items_expended&quot;:&quot;one&quot;,&quot;n_accordion_animation_duration&quot;:{&quot;unit&quot;:&quot;ms&quot;,&quot;size&quot;:400,&quot;sizes&quot;:[]}}\" data-widget_type=\"nested-accordion.default\">\n\t\t\t\t<div class=\"elementor-widget-container\">\n\t\t\t\t\t\t\t<div class=\"e-n-accordion\" aria-label=\"Accord\u00e9on. Ouvrez les liens avec Entr\u00e9e ou Espace, fermez avec \u00c9chap et naviguez avec les touches fl\u00e9ch\u00e9es\">\n\t\t\t\t\t\t<details id=\"e-n-accordion-item-9930\" class=\"e-n-accordion-item\" >\n\t\t\t\t<summary class=\"e-n-accordion-item-title\" data-accordion-index=\"1\" tabindex=\"0\" aria-expanded=\"false\" aria-controls=\"e-n-accordion-item-9930\" >\n\t\t\t\t\t<span class='e-n-accordion-item-title-header'><h4 class=\"e-n-accordion-item-title-text\"> Maquettes de contr\u00f4le qualit\u00e9 <\/h4><\/span>\n\t\t\t\t\t\t\t<span class='e-n-accordion-item-title-icon'>\n\t\t\t<span class='e-opened' ><svg aria-hidden=\"true\" class=\"e-font-icon-svg e-fas-chevron-up\" viewbox=\"0 0 448 512\" xmlns=\"http:\/\/www.w3.org\/2000\/svg\"><path d=\"M240.971 130.524l194.343 194.343c9.373 9.373 9.373 24.569 0 33.941l-22.667 22.667c-9.357 9.357-24.522 9.375-33.901.04L224 227.495 69.255 381.516c-9.379 9.335-24.544 9.317-33.901-.04l-22.667-22.667c-9.373-9.373-9.373-24.569 0-33.941L207.03 130.525c9.372-9.373 24.568-9.373 33.941-.001z\"><\/path><\/svg><\/span>\n\t\t\t<span class='e-closed'><svg aria-hidden=\"true\" class=\"e-font-icon-svg e-fas-chevron-right\" viewbox=\"0 0 320 512\" xmlns=\"http:\/\/www.w3.org\/2000\/svg\"><path d=\"M285.476 272.971L91.132 467.314c-9.373 9.373-24.569 9.373-33.941 0l-22.667-22.667c-9.357-9.357-9.375-24.522-.04-33.901L188.505 256 34.484 101.255c-9.335-9.379-9.317-24.544.04-33.901l22.667-22.667c9.373-9.373 24.569-9.373 33.941 0L285.475 239.03c9.373 9.372 9.373 24.568.001 33.941z\"><\/path><\/svg><\/span>\n\t\t<\/span>\n\n\t\t\t\t\t\t<\/summary>\n\t\t\t\t<div role=\"region\" aria-labelledby=\"e-n-accordion-item-9930\" class=\"elementor-element elementor-element-0419fa4 e-con-full e-flex e-con e-child\" data-id=\"0419fa4\" data-element_type=\"container\">\n\t\t\t\t<div class=\"elementor-element elementor-element-3755ad6 elementor-widget elementor-widget-text-editor\" data-id=\"3755ad6\" data-element_type=\"widget\" data-widget_type=\"text-editor.default\">\n\t\t\t\t<div class=\"elementor-widget-container\">\n\t\t\t\t\t\t\t\t\t<p>Les maquettes de contr\u00f4le qualit\u00e9 sont un outil essentiel pour valider les conceptions en pr\u00e9-s\u00e9rie et \u00e9valuer les produits en phase de vie en s\u00e9rie.\u00a0\u00a0<\/p><p>Nous proposons des services de fabrication de maquettes pour v\u00e9rifier que les produits r\u00e9pondent aux exigences exig\u00e9es par le processus de d\u00e9veloppement. Notre approche m\u00e9ticuleuse et notre attention aux petits d\u00e9tails nous permettent de cr\u00e9er des maquettes tr\u00e8s pr\u00e9cises et fonctionnelles.<\/p>\t\t\t\t\t\t\t\t<\/div>\n\t\t\t\t<\/div>\n\t\t\t\t<\/div>\n\t\t\t\t\t<\/details>\n\t\t\t\t\t<\/div>\n\t\t\t\t\t\t<\/div>\n\t\t\t\t<\/div>\n\t\t\t\t<\/div>\n\t\t\t\t<\/div>\n\t\t\t\t<\/div>\n\t\t\t\t<\/div>\n\t\t<div class=\"elementor-element elementor-element-ea33819 e-con-full e-flex elementor-invisible e-con e-parent\" data-id=\"ea33819\" data-element_type=\"container\" data-settings=\"{&quot;animation&quot;:&quot;fadeInRight&quot;,&quot;animation_delay&quot;:100}\">\n\t\t<div class=\"elementor-element elementor-element-70144b5 e-con-full e-flex e-con e-child\" data-id=\"70144b5\" data-element_type=\"container\" data-settings=\"{&quot;background_background&quot;:&quot;classic&quot;}\">\n\t\t<div class=\"elementor-element elementor-element-67ec8a5 e-con-full e-flex e-con e-child\" data-id=\"67ec8a5\" data-element_type=\"container\">\n\t\t<div class=\"elementor-element elementor-element-1977ab9 e-con-full e-flex e-con e-child\" data-id=\"1977ab9\" data-element_type=\"container\">\n\t\t\t\t<div class=\"elementor-element elementor-element-84be427 elementor-widget elementor-widget-heading\" data-id=\"84be427\" data-element_type=\"widget\" data-widget_type=\"heading.default\">\n\t\t\t\t<div class=\"elementor-widget-container\">\n\t\t\t\t\t<h2 class=\"elementor-heading-title elementor-size-default\">Mesure et Maintenance<\/h2>\t\t\t\t<\/div>\n\t\t\t\t<\/div>\n\t\t\t\t<div class=\"elementor-element elementor-element-07eb283 elementor-widget elementor-widget-text-editor\" data-id=\"07eb283\" data-element_type=\"widget\" data-widget_type=\"text-editor.default\">\n\t\t\t\t<div class=\"elementor-widget-container\">\n\t\t\t\t\t\t\t\t\t<p><span data-contrast=\"auto\">Nous effectuons le <strong>mesure et<\/strong> il<strong> maintenance pr\u00e9ventive et corrective<\/strong> d&#039;outils et de mod\u00e8les de contr\u00f4le qualit\u00e9 avec des \u00e9quipements de haute pr\u00e9cision.<\/span><span data-ccp-props=\"{&quot;201341983&quot;:0,&quot;335559740&quot;:276}\">\u00a0<\/span><\/p><p><span data-contrast=\"auto\">Nous v\u00e9rifions ses tol\u00e9rances et ajustons l&#039;outillage ou le mod\u00e8le de contr\u00f4le pour affiner sa g\u00e9om\u00e9trie, tout au long de son cycle de vie. Si n\u00e9cessaire, nous r\u00e9parons les pi\u00e8ces d\u00e9fectueuses ou les modifions pour de nouvelles exigences.<\/span><span data-ccp-props=\"{&quot;201341983&quot;:0,&quot;335559740&quot;:276}\">\u00a0<\/span><\/p>\t\t\t\t\t\t\t\t<\/div>\n\t\t\t\t<\/div>\n\t\t\t\t<\/div>\n\t\t\t\t<div class=\"elementor-element elementor-element-83476ea elementor-widget__width-initial elementor-absolute p-m-relative elementor-widget elementor-widget-image\" data-id=\"83476ea\" data-element_type=\"widget\" data-settings=\"{&quot;_position&quot;:&quot;absolute&quot;}\" data-widget_type=\"image.default\">\n\t\t\t\t<div class=\"elementor-widget-container\">\n\t\t\t\t\t\t\t\t\t\t\t\t\t\t\t<img fetchpriority=\"high\" decoding=\"async\" width=\"800\" height=\"450\" src=\"https:\/\/www.teciman.com\/metrologia\/wp-content\/uploads\/2023\/12\/medicion-mantenimiento-utillajes-maquetas-control-proyectos-ingenieria-teciman-1024x576.jpg\" class=\"attachment-large size-large wp-image-3206\" alt=\"\" srcset=\"https:\/\/www.teciman.com\/metrologia\/wp-content\/uploads\/2023\/12\/medicion-mantenimiento-utillajes-maquetas-control-proyectos-ingenieria-teciman-1024x576.jpg 1024w, https:\/\/www.teciman.com\/metrologia\/wp-content\/uploads\/2023\/12\/medicion-mantenimiento-utillajes-maquetas-control-proyectos-ingenieria-teciman-300x169.jpg 300w, https:\/\/www.teciman.com\/metrologia\/wp-content\/uploads\/2023\/12\/medicion-mantenimiento-utillajes-maquetas-control-proyectos-ingenieria-teciman-768x432.jpg 768w, https:\/\/www.teciman.com\/metrologia\/wp-content\/uploads\/2023\/12\/medicion-mantenimiento-utillajes-maquetas-control-proyectos-ingenieria-teciman-1536x864.jpg 1536w, https:\/\/www.teciman.com\/metrologia\/wp-content\/uploads\/2023\/12\/medicion-mantenimiento-utillajes-maquetas-control-proyectos-ingenieria-teciman-2048x1152.jpg 2048w\" sizes=\"(max-width: 800px) 100vw, 800px\" title=\"\">\t\t\t\t\t\t\t\t\t\t\t\t\t\t\t<\/div>\n\t\t\t\t<\/div>\n\t\t\t\t<\/div>\n\t\t<div class=\"elementor-element elementor-element-f42cdcb e-con-full e-flex e-con e-child\" data-id=\"f42cdcb\" data-element_type=\"container\">\n\t\t<div class=\"elementor-element elementor-element-3e16563 e-flex e-con-boxed e-con e-child\" data-id=\"3e16563\" data-element_type=\"container\">\n\t\t\t\t\t<div class=\"e-con-inner\">\n\t\t\t\t<div class=\"elementor-element elementor-element-93c2c0b elementor-widget elementor-widget-heading\" data-id=\"93c2c0b\" data-element_type=\"widget\" data-widget_type=\"heading.default\">\n\t\t\t\t<div class=\"elementor-widget-container\">\n\t\t\t\t\t<h3 class=\"elementor-heading-title elementor-size-default\">Prestations de service<\/h3>\t\t\t\t<\/div>\n\t\t\t\t<\/div>\n\t\t\t\t<div class=\"elementor-element elementor-element-fc1b9aa elementor-widget elementor-widget-n-accordion\" data-id=\"fc1b9aa\" data-element_type=\"widget\" data-settings=\"{&quot;default_state&quot;:&quot;all_collapsed&quot;,&quot;max_items_expended&quot;:&quot;one&quot;,&quot;n_accordion_animation_duration&quot;:{&quot;unit&quot;:&quot;ms&quot;,&quot;size&quot;:400,&quot;sizes&quot;:[]}}\" data-widget_type=\"nested-accordion.default\">\n\t\t\t\t<div class=\"elementor-widget-container\">\n\t\t\t\t\t\t\t<div class=\"e-n-accordion\" aria-label=\"Accord\u00e9on. Ouvrez les liens avec Entr\u00e9e ou Espace, fermez avec \u00c9chap et naviguez avec les touches fl\u00e9ch\u00e9es\">\n\t\t\t\t\t\t<details id=\"e-n-accordion-item-2640\" class=\"e-n-accordion-item\" >\n\t\t\t\t<summary class=\"e-n-accordion-item-title\" data-accordion-index=\"1\" tabindex=\"0\" aria-expanded=\"false\" aria-controls=\"e-n-accordion-item-2640\" >\n\t\t\t\t\t<span class='e-n-accordion-item-title-header'><h4 class=\"e-n-accordion-item-title-text\"> Mesure des Outils et des Mod\u00e8les <\/h4><\/span>\n\t\t\t\t\t\t\t<span class='e-n-accordion-item-title-icon'>\n\t\t\t<span class='e-opened' ><svg aria-hidden=\"true\" class=\"e-font-icon-svg e-fas-chevron-up\" viewbox=\"0 0 448 512\" xmlns=\"http:\/\/www.w3.org\/2000\/svg\"><path d=\"M240.971 130.524l194.343 194.343c9.373 9.373 9.373 24.569 0 33.941l-22.667 22.667c-9.357 9.357-24.522 9.375-33.901.04L224 227.495 69.255 381.516c-9.379 9.335-24.544 9.317-33.901-.04l-22.667-22.667c-9.373-9.373-9.373-24.569 0-33.941L207.03 130.525c9.372-9.373 24.568-9.373 33.941-.001z\"><\/path><\/svg><\/span>\n\t\t\t<span class='e-closed'><svg aria-hidden=\"true\" class=\"e-font-icon-svg e-fas-chevron-right\" viewbox=\"0 0 320 512\" xmlns=\"http:\/\/www.w3.org\/2000\/svg\"><path d=\"M285.476 272.971L91.132 467.314c-9.373 9.373-24.569 9.373-33.941 0l-22.667-22.667c-9.357-9.357-9.375-24.522-.04-33.901L188.505 256 34.484 101.255c-9.335-9.379-9.317-24.544.04-33.901l22.667-22.667c9.373-9.373 24.569-9.373 33.941 0L285.475 239.03c9.373 9.372 9.373 24.568.001 33.941z\"><\/path><\/svg><\/span>\n\t\t<\/span>\n\n\t\t\t\t\t\t<\/summary>\n\t\t\t\t<div role=\"region\" aria-labelledby=\"e-n-accordion-item-2640\" class=\"elementor-element elementor-element-be609ba e-con-full e-flex e-con e-child\" data-id=\"be609ba\" data-element_type=\"container\">\n\t\t\t\t<div class=\"elementor-element elementor-element-ed2b5b5 elementor-widget elementor-widget-text-editor\" data-id=\"ed2b5b5\" data-element_type=\"widget\" data-widget_type=\"text-editor.default\">\n\t\t\t\t<div class=\"elementor-widget-container\">\n\t\t\t\t\t\t\t\t\t<p>Nos sp\u00e9cialistes en <a href=\"https:\/\/www.metrologiateciman.com\/metrologia-3d\/servicios-metrologia\/servicios-medicion\/\" data-wplink-edit=\"true\" target=\"_blank\" rel=\"noopener\">la mesure <\/a>Ils utilisent une technologie de pointe pour effectuer des mesures d\u2019outils et des mod\u00e8les de contr\u00f4le qualit\u00e9.<\/p>\t\t\t\t\t\t\t\t<\/div>\n\t\t\t\t<\/div>\n\t\t\t\t<\/div>\n\t\t\t\t\t<\/details>\n\t\t\t\t\t<\/div>\n\t\t\t\t\t\t<\/div>\n\t\t\t\t<\/div>\n\t\t\t\t\t<\/div>\n\t\t\t\t<\/div>\n\t\t<div class=\"elementor-element elementor-element-dcc6f1c e-con-full e-flex e-con e-child\" data-id=\"dcc6f1c\" data-element_type=\"container\">\n\t\t\t\t<div class=\"elementor-element elementor-element-1737a07 elementor-widget elementor-widget-n-accordion\" data-id=\"1737a07\" data-element_type=\"widget\" data-settings=\"{&quot;default_state&quot;:&quot;all_collapsed&quot;,&quot;max_items_expended&quot;:&quot;one&quot;,&quot;n_accordion_animation_duration&quot;:{&quot;unit&quot;:&quot;ms&quot;,&quot;size&quot;:400,&quot;sizes&quot;:[]}}\" data-widget_type=\"nested-accordion.default\">\n\t\t\t\t<div class=\"elementor-widget-container\">\n\t\t\t\t\t\t\t<div class=\"e-n-accordion\" aria-label=\"Accord\u00e9on. Ouvrez les liens avec Entr\u00e9e ou Espace, fermez avec \u00c9chap et naviguez avec les touches fl\u00e9ch\u00e9es\">\n\t\t\t\t\t\t<details id=\"e-n-accordion-item-2430\" class=\"e-n-accordion-item\" >\n\t\t\t\t<summary class=\"e-n-accordion-item-title\" data-accordion-index=\"1\" tabindex=\"0\" aria-expanded=\"false\" aria-controls=\"e-n-accordion-item-2430\" >\n\t\t\t\t\t<span class='e-n-accordion-item-title-header'><h4 class=\"e-n-accordion-item-title-text\"> Maintenance Pr\u00e9ventive et Corrective <\/h4><\/span>\n\t\t\t\t\t\t\t<span class='e-n-accordion-item-title-icon'>\n\t\t\t<span class='e-opened' ><svg aria-hidden=\"true\" class=\"e-font-icon-svg e-fas-chevron-up\" viewbox=\"0 0 448 512\" xmlns=\"http:\/\/www.w3.org\/2000\/svg\"><path d=\"M240.971 130.524l194.343 194.343c9.373 9.373 9.373 24.569 0 33.941l-22.667 22.667c-9.357 9.357-24.522 9.375-33.901.04L224 227.495 69.255 381.516c-9.379 9.335-24.544 9.317-33.901-.04l-22.667-22.667c-9.373-9.373-9.373-24.569 0-33.941L207.03 130.525c9.372-9.373 24.568-9.373 33.941-.001z\"><\/path><\/svg><\/span>\n\t\t\t<span class='e-closed'><svg aria-hidden=\"true\" class=\"e-font-icon-svg e-fas-chevron-right\" viewbox=\"0 0 320 512\" xmlns=\"http:\/\/www.w3.org\/2000\/svg\"><path d=\"M285.476 272.971L91.132 467.314c-9.373 9.373-24.569 9.373-33.941 0l-22.667-22.667c-9.357-9.357-9.375-24.522-.04-33.901L188.505 256 34.484 101.255c-9.335-9.379-9.317-24.544.04-33.901l22.667-22.667c9.373-9.373 24.569-9.373 33.941 0L285.475 239.03c9.373 9.372 9.373 24.568.001 33.941z\"><\/path><\/svg><\/span>\n\t\t<\/span>\n\n\t\t\t\t\t\t<\/summary>\n\t\t\t\t<div role=\"region\" aria-labelledby=\"e-n-accordion-item-2430\" class=\"elementor-element elementor-element-2264e5d e-con-full e-flex e-con e-child\" data-id=\"2264e5d\" data-element_type=\"container\">\n\t\t\t\t<div class=\"elementor-element elementor-element-9067cf4 elementor-widget elementor-widget-text-editor\" data-id=\"9067cf4\" data-element_type=\"widget\" data-widget_type=\"text-editor.default\">\n\t\t\t\t<div class=\"elementor-widget-container\">\n\t\t\t\t\t\t\t\t\t<p>Un bon <a href=\"https:\/\/www.metrologiateciman.com\/metrologia-3d\/servicios-metrologia\/servicios-medicion\/\" target=\"_blank\" rel=\"noopener\">entretien<\/a> Il est essentiel de garantir des performances optimales et une longue dur\u00e9e de vie des outils et des mod\u00e8les. Nous proposons des services de maintenance pr\u00e9ventive et corrective, con\u00e7us pour identifier et r\u00e9soudre les probl\u00e8mes avant qu&#039;ils n&#039;affectent la qualit\u00e9 et la productivit\u00e9. Notre \u00e9quipe hautement qualifi\u00e9e peut effectuer des inspections, des ajustements, des r\u00e9parations et des reconditionnements r\u00e9guliers pour maintenir votre outillage en excellent \u00e9tat et en excellente g\u00e9om\u00e9trie.<\/p>\t\t\t\t\t\t\t\t<\/div>\n\t\t\t\t<\/div>\n\t\t\t\t<\/div>\n\t\t\t\t\t<\/details>\n\t\t\t\t\t<\/div>\n\t\t\t\t\t\t<\/div>\n\t\t\t\t<\/div>\n\t\t\t\t<\/div>\n\t\t\t\t<\/div>\n\t\t\t\t<\/div>\n\t\t\t\t<\/div>\n\t\t\t\t<\/div>","protected":false},"excerpt":{"rendered":"<p>La colaboraci\u00f3n entre las \u00e1reas de Ingenier\u00eda de Proyectos y Metrolog\u00eda 3D de T\u00e9ciman permite ofrecer un servicio integral para utillajes y maquetas de control: dise\u00f1o, fabricaci\u00f3n, puesta a punto en geometr\u00eda, medici\u00f3n, mantenimiento\u2026 Dise\u00f1o y Fabricaci\u00f3n Llevamos a cabo el proceso completo, desde el dise\u00f1o hasta la fabricaci\u00f3n del utillaje o la maqueta de [&hellip;]<\/p>","protected":false},"author":1,"featured_media":0,"parent":0,"menu_order":3,"comment_status":"closed","ping_status":"closed","template":"","meta":{"_acf_changed":false,"footnotes":""},"class_list":["post-22","page","type-page","status-publish","hentry"],"acf":[],"_links":{"self":[{"href":"https:\/\/www.teciman.com\/metrologia\/fr\/wp-json\/wp\/v2\/pages\/22","targetHints":{"allow":["GET"]}}],"collection":[{"href":"https:\/\/www.teciman.com\/metrologia\/fr\/wp-json\/wp\/v2\/pages"}],"about":[{"href":"https:\/\/www.teciman.com\/metrologia\/fr\/wp-json\/wp\/v2\/types\/page"}],"author":[{"embeddable":true,"href":"https:\/\/www.teciman.com\/metrologia\/fr\/wp-json\/wp\/v2\/users\/1"}],"replies":[{"embeddable":true,"href":"https:\/\/www.teciman.com\/metrologia\/fr\/wp-json\/wp\/v2\/comments?post=22"}],"version-history":[{"count":39,"href":"https:\/\/www.teciman.com\/metrologia\/fr\/wp-json\/wp\/v2\/pages\/22\/revisions"}],"predecessor-version":[{"id":6984,"href":"https:\/\/www.teciman.com\/metrologia\/fr\/wp-json\/wp\/v2\/pages\/22\/revisions\/6984"}],"wp:attachment":[{"href":"https:\/\/www.teciman.com\/metrologia\/fr\/wp-json\/wp\/v2\/media?parent=22"}],"curies":[{"name":"wp","href":"https:\/\/api.w.org\/{rel}","templated":true}]}}