{"id":1428,"date":"2023-09-19T10:20:15","date_gmt":"2023-09-19T08:20:15","guid":{"rendered":"https:\/\/teciman.difadi.net\/?page_id=1428"},"modified":"2024-09-09T10:28:36","modified_gmt":"2024-09-09T08:28:36","slug":"avis-juridique","status":"publish","type":"page","link":"https:\/\/www.teciman.com\/metrologia\/fr\/avis-juridique\/","title":{"rendered":"Avis juridique"},"content":{"rendered":"<p>CONDITIONS GENERALES D&#039;UTILISATION DU SITE metrologiateciman.com<\/p>\n<ol>\n<li><strong>INFORMATIONS G\u00c9N\u00c9RALES<\/strong><\/li>\n<\/ol>\n<p>Les pr\u00e9sentes Conditions G\u00e9n\u00e9rales r\u00e9gissent l&#039;utilisation (y compris le simple acc\u00e8s) et le fonctionnement du site metrologiateciman.com.<\/p>\n<p>Conform\u00e9ment aux dispositions de la loi 34\/2002 du 11 juillet relative aux services de la soci\u00e9t\u00e9 de l&#039;information et du commerce \u00e9lectronique, le site metrologiateciman.com est la propri\u00e9t\u00e9 de T\u00c9CIMAN INTERNATIONAL, SL (ci-apr\u00e8s, T\u00c9CIMAN), inscrite au registre du commerce de Burgos, volume 233, Livre 24, Folio 93, Feuille BU- 805, avec adresse pour notification C\/ Vitoria 305 PE Inbisa Villafr\u00eda, 4-5E 09007 \u2013 Burgos (Espagne), NIF B09245960 et email <a href=\"mailto:administracion@metrologiateciman.com\">administracion@metrologiateciman.com<\/a>\u00a0.<\/p>\n<ol start=\"2\">\n<li><strong>ACCEPTATION DES CONDITIONS D&#039;UTILISATION<\/strong><\/li>\n<\/ol>\n<p>L&#039;utilisation de ce site Internet attribue au navigateur la qualit\u00e9 d&#039;Utilisateur du site, ce qui implique l&#039;adh\u00e9sion aux pr\u00e9sentes Conditions G\u00e9n\u00e9rales dans la version publi\u00e9e au moment de l&#039;acc\u00e8s. Ainsi, T\u00c9CIMAN recommande \u00e0 l&#039;Utilisateur de les lire attentivement \u00e0 chaque fois qu&#039;il acc\u00e8de au Site Internet.<\/p>\n<p>Par cons\u00e9quent, il appartiendra \u00e0 chaque visiteur et\/ou utilisateur de lire attentivement les pr\u00e9sentes Conditions G\u00e9n\u00e9rales d&#039;Utilisation en vigueur \u00e0 chaque fois qu&#039;il acc\u00e9dera \u00e0 ce Site Internet, donc s&#039;il n&#039;est pas d&#039;accord avec l&#039;une des conditions \u00e9nonc\u00e9es ici, vous devrez vous abstenir de en utilisant ce site Web.<\/p>\n<p>T\u00c9CIMAN peut modifier \u00e0 tout moment et sans pr\u00e9avis \u00e0 l&#039;utilisateur, la conception, la pr\u00e9sentation et\/ou la configuration du Site Internet, ainsi que tout ou partie des Contenus, et modifier les conditions g\u00e9n\u00e9rales et\/ou particuli\u00e8res n\u00e9cessaires \u00e0 leur utilisation. .<\/p>\n<ol start=\"3\">\n<li><strong>UTILISATION DU SITE<\/strong><\/li>\n<\/ol>\n<p>L&#039;Utilisateur est conscient et accepte volontairement et express\u00e9ment que l&#039;utilisation du site metrologiateciman.com s&#039;effectue en tout \u00e9tat de cause sous sa seule et exclusive responsabilit\u00e9.<\/p>\n<p>Lors de l&#039;utilisation du site metrologiateciman.com, l&#039;Utilisateur s&#039;engage \u00e0 ne mener aucun comportement qui pourrait nuire \u00e0 l&#039;image, aux int\u00e9r\u00eats et aux droits de T\u00c9CIMAN ou de tiers ou qui pourrait endommager, d\u00e9sactiver ou surcharger le site, ou qui emp\u00eacherait, en tout \u00e9tat de cause , l&#039;utilisation normale du site.<\/p>\n<p>Les Contenus du site metrologiateciman.com sont mis \u00e0 la disposition de l&#039;Utilisateur avec des informations provenant tant de ses propres sources que de tiers.<\/p>\n<p>L&#039;inclusion de Contenus sur le site metrologiateciman.com ne constitue en aucun cas la fourniture d&#039;un service. L&#039;Utilisateur reconna\u00eet que, dans la mesure o\u00f9 l&#039;application de la Loi \u00e0 des cas sp\u00e9cifiques n&#039;est pas automatique, mais peut varier en fonction de circonstances tr\u00e8s diff\u00e9rentes. Par cons\u00e9quent, T\u00c9CIMAN d\u00e9conseille \u00e0 l&#039;Utilisateur de prendre des d\u00e9cisions bas\u00e9es sur les informations collect\u00e9es dans les Contenus sans obtenir un avis professionnel ad\u00e9quat.<\/p>\n<p>T\u00c9CIMAN ne sera pas responsable de l&#039;utilisation que des tiers font des informations publi\u00e9es sur le portail, ni des dommages subis ou des pertes \u00e9conomiques qui, directement ou indirectement, produisent ou peuvent produire des dommages \u00e9conomiques, mat\u00e9riels ou de donn\u00e9es, caus\u00e9s par l&#039;utilisation. desdites informations.<\/p>\n<ol start=\"4\">\n<li><strong>PROPRI\u00c9T\u00c9 INDUSTRIELLE ET INTELLECTUELLE<\/strong><\/li>\n<\/ol>\n<p>L&#039;Utilisateur reconna\u00eet et accepte au travers des pr\u00e9sentes Conditions G\u00e9n\u00e9rales que tous les droits de propri\u00e9t\u00e9 industrielle et intellectuelle sur le contenu et\/ou tout autre \u00e9l\u00e9ment ins\u00e9r\u00e9 dans ce Site Internet (y compris, sans limitation, les marques, logos, noms commerciaux, textes, images, graphismes, designs, sons). , bases de donn\u00e9es, logiciels, organigrammes, pr\u00e9sentation, &quot;look-and-feel&quot;, audio et vid\u00e9o), sont la propri\u00e9t\u00e9 exclusive de T\u00c9CIMAN et\/ou de tiers, qui ont le droit exclusif de les utiliser \u00e0 des fins de trafic \u00e9conomique.<\/p>\n<p>En aucun cas, l&#039;acc\u00e8s au site Web n&#039;implique aucun type de renonciation, transmission, licence ou cession totale ou partielle desdits droits, sauf disposition expresse contraire. Les pr\u00e9sentes Conditions G\u00e9n\u00e9rales d&#039;Utilisation du Site ne conf\u00e8rent aux Utilisateurs aucun autre droit d&#039;utiliser, de modifier, d&#039;exploiter, de reproduire, de distribuer ou de communiquer publiquement le Site et\/ou son Contenu autre que ceux express\u00e9ment pr\u00e9vus ici. Toute autre utilisation ou exploitation de tout droit sera soumise \u00e0 l&#039;autorisation pr\u00e9alable et expresse sp\u00e9cifiquement accord\u00e9e \u00e0 cet effet par T\u00c9CIMAN INTERNATIONAL, SL ou le tiers titulaire des droits concern\u00e9s.<\/p>\n<p>Toute r\u00e9clamation qui pourrait \u00eatre d\u00e9pos\u00e9e par des utilisateurs ou des tiers concernant d&#039;\u00e9ventuelles violations des droits de propri\u00e9t\u00e9 intellectuelle ou industrielle concernant l&#039;un des contenus de ce site Web doit \u00eatre adress\u00e9e \u00e0 l&#039;adresse e-mail suivante administracion@metrologiateciman.com avec les informations suivantes. :<\/p>\n<p>1.-Nom et pr\u00e9nom, adresse postale et adresse \u00e9lectronique de la personne concern\u00e9e ou, le cas \u00e9ch\u00e9ant, de la personne autoris\u00e9e \u00e0 agir en son nom, en indiquant le titre sous lequel elle est repr\u00e9sent\u00e9e (ci-apr\u00e8s, le demandeur).<\/p>\n<p>2.-D\u00e9claration du demandeur dans laquelle il pr\u00e9tend \u00eatre titulaire des droits pr\u00e9tendument viol\u00e9s, y compris sa signature, physique ou num\u00e9rique.<\/p>\n<p>3.- Description pr\u00e9cise des contenus prot\u00e9g\u00e9s par les droits de propri\u00e9t\u00e9 intellectuelle pr\u00e9tendument viol\u00e9s, ainsi que leur localisation exacte au sein du Site.<\/p>\n<p>4.- D\u00e9claration expresse du demandeur selon laquelle l&#039;utilisation des contenus a \u00e9t\u00e9 faite sans le consentement du titulaire des droits pr\u00e9tendument viol\u00e9s.<\/p>\n<p><strong>4.1 Noms de domaine<\/strong><\/p>\n<p>Au m\u00eame sens que mentionn\u00e9 \u00e0 la section pr\u00e9c\u00e9dente, le nom de domaine metrologiateciman.com et tous ceux qui servent \u00e0 acc\u00e9der directement \u00e0 ce site sont la propri\u00e9t\u00e9 exclusive de T\u00c9CIMAN. Leur utilisation abusive dans le trafic \u00e9conomique impliquerait une violation des droits conf\u00e9r\u00e9s par leur enregistrement et sera poursuivie par les moyens pr\u00e9vus par les dispositions l\u00e9gales.<\/p>\n<p><strong>4.2 Droits d&#039;auteur<\/strong><\/p>\n<p>Les contenus, textes, photographies, dessins, logos, images, sons, vid\u00e9os, animations, enregistrements, programmes informatiques, codes sources et, d&#039;une mani\u00e8re g\u00e9n\u00e9rale, toute cr\u00e9ation intellectuelle existant sur ce site, ainsi que le site lui-m\u00eame dans son ensemble, tels que en tant qu&#039;\u0153uvre artistique multim\u00e9dia, sont prot\u00e9g\u00e9es au titre du droit d&#039;auteur par la l\u00e9gislation sur la propri\u00e9t\u00e9 intellectuelle.<\/p>\n<p><strong>4.3 Utilisation personnelle<\/strong><\/p>\n<p>T\u00c9CIMAN autorise les Utilisateurs \u00e0 utiliser, visualiser, obtenir une copie temporaire, t\u00e9l\u00e9charger et stocker les contenus et\/ou \u00e9l\u00e9ments ins\u00e9r\u00e9s dans le Site exclusivement pour leur usage personnel, priv\u00e9 et non lucratif ; \u00e0 condition que dans tous les cas leur origine et\/ou auteur soit indiqu\u00e9 et que, le cas \u00e9ch\u00e9ant, apparaissent le symbole du droit d&#039;auteur et\/ou les mentions de propri\u00e9t\u00e9 industrielle de leurs propri\u00e9taires.<\/p>\n<p>L&#039;utilisation de ces \u00e9l\u00e9ments, leur reproduction, communication et\/ou distribution \u00e0 des fins commerciales ou lucratives, ainsi que leur modification, alt\u00e9ration ou d\u00e9compilation, sont strictement interdites.<\/p>\n<p>Pour toute autre utilisation autre que celles express\u00e9ment autoris\u00e9es, il sera n\u00e9cessaire d&#039;obtenir l&#039;accord pr\u00e9alable et \u00e9crit du titulaire des droits en question.<\/p>\n<p><strong>4.4 R\u00e9servation de partage<\/strong><\/p>\n<p>L&#039;Utilisateur de ce Site s&#039;engage \u00e0 respecter les droits \u00e9nonc\u00e9s et \u00e0 \u00e9viter toute action qui pourrait lui porter pr\u00e9judice, T\u00c9CIMAN se r\u00e9servant dans tous les cas l&#039;exercice de tous moyens l\u00e9gaux ou actions qui lui correspondent pour la d\u00e9fense de ses droits l\u00e9gitimes de propri\u00e9t\u00e9 intellectuelle et industrielle.<\/p>\n<ol start=\"5\">\n<li><strong>EXCLUSION DE GARANTIES ET DE RESPONSABILIT\u00c9<\/strong><\/li>\n<\/ol>\n<p><strong>5.1 Exclusion de garanties et de responsabilit\u00e9 pour le fonctionnement du Portail<\/strong><\/p>\n<p>T\u00c9CIMAN ne garantit pas la disponibilit\u00e9 et la continuit\u00e9 du fonctionnement du Site Internet. De m\u00eame, T\u00c9CIMAN ne sera en aucun cas responsable des dommages pouvant d\u00e9couler de :<\/p>\n<ol>\n<li>Le manque de disponibilit\u00e9 ou d\u2019accessibilit\u00e9 du Site Internet ;<\/li>\n<li>Interruption du fonctionnement du Site Web ou pannes informatiques, pannes t\u00e9l\u00e9phoniques, d\u00e9connexions, retards ou blocages caus\u00e9s par des d\u00e9ficiences ou des surcharges des lignes t\u00e9l\u00e9phoniques, du syst\u00e8me Internet ou d&#039;autres syst\u00e8mes \u00e9lectroniques produits au cours de son fonctionnement\u00a0;<\/li>\n<li>Le manque d&#039;ad\u00e9quation du Site Internet aux besoins sp\u00e9cifiques des Utilisateurs et ;<\/li>\n<li>Autres dommages pouvant \u00eatre caus\u00e9s par des tiers par une interf\u00e9rence non autoris\u00e9e et ind\u00e9pendante de la volont\u00e9 de T\u00c9CIMAN.<\/li>\n<\/ol>\n<p>L&#039;absence de virus ou d&#039;autres \u00e9l\u00e9ments sur le Site introduits par des tiers autres que T\u00c9CIMAN susceptibles de provoquer des alt\u00e9rations dans les syst\u00e8mes physiques ou logiques des Utilisateurs ou dans les documents et fichiers \u00e9lectroniques stock\u00e9s dans leurs syst\u00e8mes n&#039;est pas garantie.<\/p>\n<p>T\u00c9CIMAN adopte diverses mesures de protection afin de prot\u00e9ger le site Internet et son contenu contre les attaques informatiques de tiers. Toutefois, T\u00c9CIMAN ne garantit pas que des tiers non autoris\u00e9s ne puissent avoir acc\u00e8s au type d&#039;utilisation du Site Web que fait l&#039;Utilisateur ni aux conditions, caract\u00e9ristiques et circonstances dans lesquelles cette utilisation est r\u00e9alis\u00e9e. Par cons\u00e9quent, il ne sera en aucun cas responsable des dommages pouvant d\u00e9couler d\u2019un tel acc\u00e8s non autoris\u00e9.<\/p>\n<p><strong>5.2 Exclusion de garanties et de responsabilit\u00e9 pour l&#039;utilisation des services et contenus du Portail par les Utilisateurs<\/strong><\/p>\n<p>T\u00c9CIMAN ne sera en aucun cas responsable de l&#039;utilisation que les Utilisateurs et\/ou des tiers pourraient faire du Site Web ou de son contenu, ni des dommages qui pourraient en d\u00e9couler.<\/p>\n<p>T\u00c9CIMAN exclut toute responsabilit\u00e9 pour les dommages de toute nature qui pourraient \u00eatre dus \u00e0 l&#039;utilisation des services et contenus par les Utilisateurs ou qui pourraient \u00eatre dus au manque de v\u00e9racit\u00e9, de validit\u00e9, d&#039;exhaustivit\u00e9 et\/ou d&#039;authenticit\u00e9 des informations que les Utilisateurs fournissent \u00e0 propos de eux-m\u00eames et en particulier, mais non exclusivement, pour les dommages de toute nature pouvant \u00eatre dus \u00e0 l&#039;usurpation d&#039;identit\u00e9 d&#039;un tiers r\u00e9alis\u00e9e par un Utilisateur dans tout type de communication effectu\u00e9e via le portail.<\/p>\n<p><strong>5.3 Exclusion de garanties et de responsabilit\u00e9 pour le contenu<\/strong><\/p>\n<p>T\u00c9CIMAN ne sera en aucun cas responsable des dommages pouvant d\u00e9couler de :<\/p>\n<ol>\n<li>Dommages de toute nature pouvant \u00eatre dus au manque de l\u00e9galit\u00e9, de fiabilit\u00e9, d&#039;utilit\u00e9, de v\u00e9racit\u00e9, d&#039;exactitude, d&#039;exhaustivit\u00e9 et d&#039;actualit\u00e9 du contenu.<\/li>\n<li>L&#039;inad\u00e9quation \u00e0 quelque fin que ce soit et la d\u00e9ception des attentes g\u00e9n\u00e9r\u00e9es par les Contenus.<\/li>\n<\/ol>\n<p>&nbsp;<\/p>\n<ol start=\"6\">\n<li><strong>DONN\u00c9ES PERSONNELLES<\/strong><\/li>\n<\/ol>\n<p>Du simple fait de visiter le site metrologiateciman.com, aucune donn\u00e9e personnelle permettant d\u2019identifier un Utilisateur n\u2019est automatiquement enregistr\u00e9e. Cependant, certaines informations de nature non personnelle et non identifiables avec un Utilisateur sp\u00e9cifique peuvent \u00eatre collect\u00e9es et enregistr\u00e9es sur les serveurs Internet de T\u00c9CIMAN (par exemple, type de navigateur Internet de l&#039;Utilisateur et syst\u00e8me d&#039;exploitation de l&#039;Utilisateur) dans le but am\u00e9liorer la navigation des Utilisateurs et la gestion du site metrologiateciman.com.<\/p>\n<p>T\u00c9CIMAN peut exiger certaines donn\u00e9es personnelles de l&#039;Utilisateur pour l&#039;utilisation de certains contenus ou services, en respectant \u00e0 tout moment le R\u00e8glement UE 2016\/679 et la Loi Organique 3\/2018 du 5 d\u00e9cembre relative \u00e0 la protection des donn\u00e9es personnelles et \u00e0 la garantie des droits num\u00e9riques. .<\/p>\n<ol start=\"7\">\n<li><strong>MODIFICATION ET R\u00c9SILIATION DES SERVICES<\/strong><\/li>\n<\/ol>\n<p>La dur\u00e9e de ce site est, en principe, ind\u00e9termin\u00e9e, cependant, T\u00c9CIMAN se r\u00e9serve le droit de modifier, suspendre ou mettre fin \u00e0 la fourniture de ses services, \u00e0 tout moment et sans pr\u00e9avis, ainsi que les pr\u00e9sentes Conditions G\u00e9n\u00e9rales.<\/p>\n<ol start=\"8\">\n<li><strong>LOI APPLICABLE ET JURIDICTION<\/strong><\/li>\n<\/ol>\n<p>Les pr\u00e9sentes Conditions G\u00e9n\u00e9rales d&#039;Utilisation sont r\u00e9gies par les lois espagnoles. Toute controverse relative au site metrologiateciman.com sera motiv\u00e9e devant la juridiction espagnole, les parties se soumettant aux Cours et Tribunaux de la ville de Burgos et \u00e0 leurs sup\u00e9rieurs hi\u00e9rarchiques, avec renonciation expresse \u00e0 d&#039;autres juridictions si elles en disposent et sont diff\u00e9rentes. .de ceux examin\u00e9s.<\/p>\n<p>Le moyen le plus simple et le plus efficace de demander des \u00e9claircissements, ou de formuler tout type de r\u00e9clamation, suggestion ou commentaire, est d&#039;envoyer un e-mail \u00e0 l&#039;adresse administracion@metrologiateciman.com<\/p>\n<p>L&#039;acc\u00e8s et l&#039;utilisation de ce site Web impliquent l&#039;acceptation des pr\u00e9sentes Conditions G\u00e9n\u00e9rales.<\/p>\n<p>Copyright 2020. T\u00c9CIMAN INTERNATIONAL, SL Tous droits r\u00e9serv\u00e9s et enregistr\u00e9s. La reproduction totale ou partielle est interdite.<\/p>","protected":false},"excerpt":{"rendered":"<p>CONDICIONES GENERALES DE UTILIZACI\u00d3N DEL SITIO WEB metrologiateciman.com INFORMACI\u00d3N GENERAL Las presentes Condiciones Generales regulan el uso (incluyendo el mero acceso) y el funcionamiento del sitio Web de metrologiateciman.com En cumplimiento de lo previsto en la Ley 34\/2002, de 11 de julio, de Servicios de la Sociedad de la Informaci\u00f3n y de Comercio Electr\u00f3nico, el [&hellip;]<\/p>","protected":false},"author":1,"featured_media":0,"parent":0,"menu_order":0,"comment_status":"closed","ping_status":"closed","template":"","meta":{"_acf_changed":false,"footnotes":""},"class_list":["post-1428","page","type-page","status-publish","hentry"],"acf":[],"_links":{"self":[{"href":"https:\/\/www.teciman.com\/metrologia\/fr\/wp-json\/wp\/v2\/pages\/1428","targetHints":{"allow":["GET"]}}],"collection":[{"href":"https:\/\/www.teciman.com\/metrologia\/fr\/wp-json\/wp\/v2\/pages"}],"about":[{"href":"https:\/\/www.teciman.com\/metrologia\/fr\/wp-json\/wp\/v2\/types\/page"}],"author":[{"embeddable":true,"href":"https:\/\/www.teciman.com\/metrologia\/fr\/wp-json\/wp\/v2\/users\/1"}],"replies":[{"embeddable":true,"href":"https:\/\/www.teciman.com\/metrologia\/fr\/wp-json\/wp\/v2\/comments?post=1428"}],"version-history":[{"count":2,"href":"https:\/\/www.teciman.com\/metrologia\/fr\/wp-json\/wp\/v2\/pages\/1428\/revisions"}],"predecessor-version":[{"id":5746,"href":"https:\/\/www.teciman.com\/metrologia\/fr\/wp-json\/wp\/v2\/pages\/1428\/revisions\/5746"}],"wp:attachment":[{"href":"https:\/\/www.teciman.com\/metrologia\/fr\/wp-json\/wp\/v2\/media?parent=1428"}],"curies":[{"name":"wp","href":"https:\/\/api.w.org\/{rel}","templated":true}]}}