{"id":6564,"date":"2025-09-29T09:51:28","date_gmt":"2025-09-29T07:51:28","guid":{"rendered":"https:\/\/teciman.difadi.net\/?page_id=6564"},"modified":"2025-11-05T13:09:59","modified_gmt":"2025-11-05T12:09:59","slug":"domaines-de-specialisation","status":"publish","type":"page","link":"https:\/\/www.teciman.com\/fr\/domaines-de-specialisation\/","title":{"rendered":"Domaines de sp\u00e9cialisation"},"content":{"rendered":"<div data-elementor-type=\"wp-page\" data-elementor-id=\"6564\" class=\"elementor elementor-6564\" data-elementor-post-type=\"page\">\n\t\t\t\t<div class=\"elementor-element elementor-element-f62d4d4 e-con-full e-flex e-con e-parent\" data-id=\"f62d4d4\" data-element_type=\"container\">\n\t\t<div class=\"elementor-element elementor-element-ab673b5 e-con-full e-flex e-con e-child\" data-id=\"ab673b5\" data-element_type=\"container\" data-settings=\"{&quot;background_background&quot;:&quot;classic&quot;}\">\n\t\t<div class=\"elementor-element elementor-element-682e746 e-con-full e-flex e-con e-child\" data-id=\"682e746\" data-element_type=\"container\">\n\t\t\t\t<div class=\"elementor-element elementor-element-4f11791 elementor-icon-list--layout-inline elementor-list-item-link-full_width elementor-widget elementor-widget-icon-list\" data-id=\"4f11791\" data-element_type=\"widget\" data-widget_type=\"icon-list.default\">\n\t\t\t\t<div class=\"elementor-widget-container\">\n\t\t\t\t\t\t\t<ul class=\"elementor-icon-list-items elementor-inline-items\">\n\t\t\t\t\t\t\t<li class=\"elementor-icon-list-item elementor-inline-item\">\n\t\t\t\t\t\t\t\t\t\t\t<a href=\"https:\/\/www.teciman.com\/fr\/\">\n\n\t\t\t\t\t\t\t\t\t\t\t<span class=\"elementor-icon-list-text\">D\u00e9but<\/span>\n\t\t\t\t\t\t\t\t\t\t\t<\/a>\n\t\t\t\t\t\t\t\t\t<\/li>\n\t\t\t\t\t\t\t\t<li class=\"elementor-icon-list-item elementor-inline-item\">\n\t\t\t\t\t\t\t\t\t\t\t<span class=\"elementor-icon-list-icon\">\n\t\t\t\t\t\t\t<svg aria-hidden=\"true\" class=\"e-font-icon-svg e-fas-chevron-right\" viewbox=\"0 0 320 512\" xmlns=\"http:\/\/www.w3.org\/2000\/svg\"><path d=\"M285.476 272.971L91.132 467.314c-9.373 9.373-24.569 9.373-33.941 0l-22.667-22.667c-9.357-9.357-9.375-24.522-.04-33.901L188.505 256 34.484 101.255c-9.335-9.379-9.317-24.544.04-33.901l22.667-22.667c9.373-9.373 24.569-9.373 33.941 0L285.475 239.03c9.373 9.372 9.373 24.568.001 33.941z\"><\/path><\/svg>\t\t\t\t\t\t<\/span>\n\t\t\t\t\t\t\t\t\t\t<span class=\"elementor-icon-list-text\"><\/span>\n\t\t\t\t\t\t\t\t\t<\/li>\n\t\t\t\t\t\t<\/ul>\n\t\t\t\t\t\t<\/div>\n\t\t\t\t<\/div>\n\t\t\t\t<div class=\"elementor-element elementor-element-bc27353 elementor-widget elementor-widget-heading\" data-id=\"bc27353\" data-element_type=\"widget\" data-widget_type=\"heading.default\">\n\t\t\t\t<div class=\"elementor-widget-container\">\n\t\t\t\t\t<h1 class=\"elementor-heading-title elementor-size-default\">Domaines de sp\u00e9cialisation<\/h1>\t\t\t\t<\/div>\n\t\t\t\t<\/div>\n\t\t\t\t<div class=\"elementor-element elementor-element-15c4c9c elementor-widget elementor-widget-text-editor\" data-id=\"15c4c9c\" data-element_type=\"widget\" data-widget_type=\"text-editor.default\">\n\t\t\t\t<div class=\"elementor-widget-container\">\n\t\t\t\t\t\t\t\t\t<p>Avec plus de <strong>35 ans<\/strong> d&#039;exp\u00e9rience, nous sommes experts en :\u00a0<\/p>\t\t\t\t\t\t\t\t<\/div>\n\t\t\t\t<\/div>\n\t\t\t\t<\/div>\n\t\t\t\t<\/div>\n\t\t<div class=\"elementor-element elementor-element-132c257 e-con-full p-t-relative e-flex e-con e-child\" data-id=\"132c257\" data-element_type=\"container\" data-settings=\"{&quot;background_background&quot;:&quot;classic&quot;,&quot;position&quot;:&quot;absolute&quot;}\">\n\t\t\t\t<\/div>\n\t\t\t\t<\/div>\n\t\t<div class=\"elementor-element elementor-element-05aae59 e-con-full e-flex elementor-invisible e-con e-parent\" data-id=\"05aae59\" data-element_type=\"container\" data-settings=\"{&quot;animation&quot;:&quot;fadeInLeft&quot;,&quot;animation_delay&quot;:100}\">\n\t\t<div class=\"elementor-element elementor-element-de76265 e-con-full e-flex e-con e-child\" data-id=\"de76265\" data-element_type=\"container\" data-settings=\"{&quot;background_background&quot;:&quot;classic&quot;}\">\n\t\t<div class=\"elementor-element elementor-element-171ac59 e-con-full e-flex e-con e-child\" data-id=\"171ac59\" data-element_type=\"container\">\n\t\t<div class=\"elementor-element elementor-element-a9bc6ec e-con-full e-flex e-con e-child\" data-id=\"a9bc6ec\" data-element_type=\"container\">\n\t\t<div class=\"elementor-element elementor-element-799a738 e-con-full e-flex e-con e-child\" data-id=\"799a738\" data-element_type=\"container\">\n\t\t\t\t<div class=\"elementor-element elementor-element-3853c6a elementor-widget elementor-widget-heading\" data-id=\"3853c6a\" data-element_type=\"widget\" data-widget_type=\"heading.default\">\n\t\t\t\t<div class=\"elementor-widget-container\">\n\t\t\t\t\t<h2 class=\"elementor-heading-title elementor-size-default\">M\u00e9trologie 3D<\/h2>\t\t\t\t<\/div>\n\t\t\t\t<\/div>\n\t\t\t\t<div class=\"elementor-element elementor-element-5df2038 elementor-widget elementor-widget-text-editor\" data-id=\"5df2038\" data-element_type=\"widget\" data-widget_type=\"text-editor.default\">\n\t\t\t\t<div class=\"elementor-widget-container\">\n\t\t\t\t\t\t\t\t\t<p data-start=\"92\" data-end=\"322\"><strong data-start=\"94\" data-end=\"140\">Prise en charge compl\u00e8te des machines tridimensionnelles<\/strong><br data-start=\"140\" data-end=\"143\" \/>Nous assurons le r\u00e9glage, la maintenance et l&#039;\u00e9talonnage des machines \u00e0 mesurer tridimensionnelles (MMT), garantissant ainsi la continuit\u00e9 et la pr\u00e9cision des processus sans d\u00e9pendre de tiers.<\/p><p data-start=\"324\" data-end=\"538\" data-is-last-node=\"\" data-is-only-node=\"\"><strong data-start=\"326\" data-end=\"355\">Laboratoire de m\u00e9trologie<\/strong><br data-start=\"355\" data-end=\"358\" \/>Nous disposons de l&#039;infrastructure la plus compl\u00e8te du nord de l&#039;Espagne, avec des \u00e9quipements de mesure avanc\u00e9s et accr\u00e9dit\u00e9s (ENAC) pour garantir la pr\u00e9cision et la fiabilit\u00e9 de chaque projet.<\/p>\t\t\t\t\t\t\t\t<\/div>\n\t\t\t\t<\/div>\n\t\t\t\t<div class=\"elementor-element elementor-element-6e11f71 elementor-mobile-align-justify elementor-widget-mobile__width-inherit elementor-widget elementor-widget-button\" data-id=\"6e11f71\" data-element_type=\"widget\" data-widget_type=\"button.default\">\n\t\t\t\t<div class=\"elementor-widget-container\">\n\t\t\t\t\t\t\t\t\t<div class=\"elementor-button-wrapper\">\n\t\t\t\t\t<a class=\"elementor-button elementor-button-link elementor-size-sm\" href=\"https:\/\/www.teciman.com\/fr\/metrologia\/\" target=\"_blank\">\n\t\t\t\t\t\t<span class=\"elementor-button-content-wrapper\">\n\t\t\t\t\t\t\t\t\t<span class=\"elementor-button-text\">M\u00e9trologie 3D T\u00e9ciman<\/span>\n\t\t\t\t\t<\/span>\n\t\t\t\t\t<\/a>\n\t\t\t\t<\/div>\n\t\t\t\t\t\t\t\t<\/div>\n\t\t\t\t<\/div>\n\t\t\t\t<div class=\"elementor-element elementor-element-79684ef elementor-widget elementor-widget-spacer\" data-id=\"79684ef\" data-element_type=\"widget\" data-widget_type=\"spacer.default\">\n\t\t\t\t<div class=\"elementor-widget-container\">\n\t\t\t\t\t\t\t<div class=\"elementor-spacer\">\n\t\t\t<div class=\"elementor-spacer-inner\"><\/div>\n\t\t<\/div>\n\t\t\t\t\t\t<\/div>\n\t\t\t\t<\/div>\n\t\t\t\t<\/div>\n\t\t<div class=\"elementor-element elementor-element-1372277 e-con-full e-flex e-con e-child\" data-id=\"1372277\" data-element_type=\"container\">\n\t\t\t\t<div class=\"elementor-element elementor-element-395a642 elementor-widget elementor-widget-spacer\" data-id=\"395a642\" data-element_type=\"widget\" data-widget_type=\"spacer.default\">\n\t\t\t\t<div class=\"elementor-widget-container\">\n\t\t\t\t\t\t\t<div class=\"elementor-spacer\">\n\t\t\t<div class=\"elementor-spacer-inner\"><\/div>\n\t\t<\/div>\n\t\t\t\t\t\t<\/div>\n\t\t\t\t<\/div>\n\t\t<div class=\"elementor-element elementor-element-809c655 e-con-full e-flex e-con e-child\" data-id=\"809c655\" data-element_type=\"container\">\n\t\t\t\t<div class=\"elementor-element elementor-element-06bdb64 elementor-widget elementor-widget-spacer\" data-id=\"06bdb64\" data-element_type=\"widget\" data-widget_type=\"spacer.default\">\n\t\t\t\t<div class=\"elementor-widget-container\">\n\t\t\t\t\t\t\t<div class=\"elementor-spacer\">\n\t\t\t<div class=\"elementor-spacer-inner\"><\/div>\n\t\t<\/div>\n\t\t\t\t\t\t<\/div>\n\t\t\t\t<\/div>\n\t\t\t\t<div class=\"elementor-element elementor-element-cf2dd2e elementor-widget__width-initial elementor-widget elementor-widget-image\" data-id=\"cf2dd2e\" data-element_type=\"widget\" data-widget_type=\"image.default\">\n\t\t\t\t<div class=\"elementor-widget-container\">\n\t\t\t\t\t\t\t\t\t\t\t\t\t\t\t<img fetchpriority=\"high\" decoding=\"async\" width=\"800\" height=\"534\" src=\"https:\/\/www.teciman.com\/wp-content\/uploads\/2025\/10\/T-4--1024x683.jpg\" class=\"attachment-large size-large wp-image-7116\" alt=\"teciman-m\u00e9trologie\" srcset=\"https:\/\/www.teciman.com\/wp-content\/uploads\/2025\/10\/T-4--1024x683.jpg 1024w, https:\/\/www.teciman.com\/wp-content\/uploads\/2025\/10\/T-4--300x200.jpg 300w, https:\/\/www.teciman.com\/wp-content\/uploads\/2025\/10\/T-4--768x512.jpg 768w, https:\/\/www.teciman.com\/wp-content\/uploads\/2025\/10\/T-4--1536x1024.jpg 1536w, https:\/\/www.teciman.com\/wp-content\/uploads\/2025\/10\/T-4--2048x1366.jpg 2048w, https:\/\/www.teciman.com\/wp-content\/uploads\/2025\/10\/T-4--18x12.jpg 18w\" sizes=\"(max-width: 800px) 100vw, 800px\" title=\"\">\t\t\t\t\t\t\t\t\t\t\t\t\t\t\t<\/div>\n\t\t\t\t<\/div>\n\t\t\t\t<\/div>\n\t\t\t\t<\/div>\n\t\t\t\t<\/div>\n\t\t\t\t<\/div>\n\t\t\t\t<\/div>\n\t\t\t\t<\/div>\n\t\t<div class=\"elementor-element elementor-element-b11d994 e-con-full e-flex elementor-invisible e-con e-parent\" data-id=\"b11d994\" data-element_type=\"container\" data-settings=\"{&quot;animation&quot;:&quot;fadeInRight&quot;,&quot;animation_delay&quot;:100}\">\n\t\t<div class=\"elementor-element elementor-element-565365e e-con-full e-flex e-con e-child\" data-id=\"565365e\" data-element_type=\"container\" data-settings=\"{&quot;background_background&quot;:&quot;classic&quot;}\">\n\t\t<div class=\"elementor-element elementor-element-f2e55c2 e-con-full e-flex e-con e-child\" data-id=\"f2e55c2\" data-element_type=\"container\">\n\t\t<div class=\"elementor-element elementor-element-fa54f6b e-con-full e-flex e-con e-child\" data-id=\"fa54f6b\" data-element_type=\"container\">\n\t\t<div class=\"elementor-element elementor-element-1321423 e-con-full e-flex e-con e-child\" data-id=\"1321423\" data-element_type=\"container\">\n\t\t\t\t<div class=\"elementor-element elementor-element-a132d49 elementor-widget elementor-widget-heading\" data-id=\"a132d49\" data-element_type=\"widget\" data-widget_type=\"heading.default\">\n\t\t\t\t<div class=\"elementor-widget-container\">\n\t\t\t\t\t<h2 class=\"elementor-heading-title elementor-size-default\">Ing\u00e9nierie<\/h2>\t\t\t\t<\/div>\n\t\t\t\t<\/div>\n\t\t\t\t<div class=\"elementor-element elementor-element-de8e2b6 elementor-widget elementor-widget-text-editor\" data-id=\"de8e2b6\" data-element_type=\"widget\" data-widget_type=\"text-editor.default\">\n\t\t\t\t<div class=\"elementor-widget-container\">\n\t\t\t\t\t\t\t\t\t<p data-start=\"0\" data-end=\"391\"><strong data-start=\"2\" data-end=\"49\">Gestion compl\u00e8te de projets d&#039;ing\u00e9nierie<\/strong><br data-start=\"49\" data-end=\"52\" data-is-only-node=\"\" \/>Nous transformons les d\u00e9fis techniques en solutions sur mesure, en nous concentrant sur l&#039;automatisation, les machines sp\u00e9ciales, l&#039;outillage et la conception et la simulation avanc\u00e9es.<\/p><p data-start=\"0\" data-end=\"391\">Notre exp\u00e9rience multisectorielle nous permet d&#039;agir comme un collaborateur \u00e9troit et d\u00e9cisif, avec un engagement ferme envers l&#039;innovation, la pr\u00e9cision et l&#039;excellence dans chaque d\u00e9veloppement.<\/p>\t\t\t\t\t\t\t\t<\/div>\n\t\t\t\t<\/div>\n\t\t\t\t<div class=\"elementor-element elementor-element-5131b64 elementor-mobile-align-justify elementor-widget-mobile__width-inherit elementor-widget elementor-widget-button\" data-id=\"5131b64\" data-element_type=\"widget\" data-widget_type=\"button.default\">\n\t\t\t\t<div class=\"elementor-widget-container\">\n\t\t\t\t\t\t\t\t\t<div class=\"elementor-button-wrapper\">\n\t\t\t\t\t<a class=\"elementor-button elementor-button-link elementor-size-sm\" href=\"https:\/\/www.teciman.com\/fr\/ingenierie\/\" target=\"_blank\">\n\t\t\t\t\t\t<span class=\"elementor-button-content-wrapper\">\n\t\t\t\t\t\t\t\t\t<span class=\"elementor-button-text\">T\u00e9ciman Ing\u00e9nierie<\/span>\n\t\t\t\t\t<\/span>\n\t\t\t\t\t<\/a>\n\t\t\t\t<\/div>\n\t\t\t\t\t\t\t\t<\/div>\n\t\t\t\t<\/div>\n\t\t\t\t<div class=\"elementor-element elementor-element-c5babda elementor-widget elementor-widget-spacer\" data-id=\"c5babda\" data-element_type=\"widget\" data-widget_type=\"spacer.default\">\n\t\t\t\t<div class=\"elementor-widget-container\">\n\t\t\t\t\t\t\t<div class=\"elementor-spacer\">\n\t\t\t<div class=\"elementor-spacer-inner\"><\/div>\n\t\t<\/div>\n\t\t\t\t\t\t<\/div>\n\t\t\t\t<\/div>\n\t\t\t\t<\/div>\n\t\t<div class=\"elementor-element elementor-element-d836ec6 e-con-full e-flex e-con e-child\" data-id=\"d836ec6\" data-element_type=\"container\">\n\t\t\t\t<div class=\"elementor-element elementor-element-8ca5516 elementor-widget elementor-widget-spacer\" data-id=\"8ca5516\" data-element_type=\"widget\" data-widget_type=\"spacer.default\">\n\t\t\t\t<div class=\"elementor-widget-container\">\n\t\t\t\t\t\t\t<div class=\"elementor-spacer\">\n\t\t\t<div class=\"elementor-spacer-inner\"><\/div>\n\t\t<\/div>\n\t\t\t\t\t\t<\/div>\n\t\t\t\t<\/div>\n\t\t\t\t<div class=\"elementor-element elementor-element-a51f81e elementor-widget elementor-widget-image\" data-id=\"a51f81e\" data-element_type=\"widget\" data-widget_type=\"image.default\">\n\t\t\t\t<div class=\"elementor-widget-container\">\n\t\t\t\t\t\t\t\t\t\t\t\t\t\t\t<img decoding=\"async\" width=\"800\" height=\"534\" src=\"https:\/\/www.teciman.com\/wp-content\/uploads\/2025\/10\/T-45--1024x683.jpg\" class=\"attachment-large size-large wp-image-7120\" alt=\"teciman-ingenieria\" srcset=\"https:\/\/www.teciman.com\/wp-content\/uploads\/2025\/10\/T-45--1024x683.jpg 1024w, https:\/\/www.teciman.com\/wp-content\/uploads\/2025\/10\/T-45--300x200.jpg 300w, https:\/\/www.teciman.com\/wp-content\/uploads\/2025\/10\/T-45--768x512.jpg 768w, https:\/\/www.teciman.com\/wp-content\/uploads\/2025\/10\/T-45--1536x1024.jpg 1536w, https:\/\/www.teciman.com\/wp-content\/uploads\/2025\/10\/T-45--2048x1366.jpg 2048w, https:\/\/www.teciman.com\/wp-content\/uploads\/2025\/10\/T-45--18x12.jpg 18w\" sizes=\"(max-width: 800px) 100vw, 800px\" title=\"\">\t\t\t\t\t\t\t\t\t\t\t\t\t\t\t<\/div>\n\t\t\t\t<\/div>\n\t\t\t\t<\/div>\n\t\t\t\t<\/div>\n\t\t\t\t<\/div>\n\t\t\t\t<\/div>\n\t\t\t\t<\/div>\n\t\t<div class=\"elementor-element elementor-element-7cbc146 e-con-full e-flex elementor-invisible e-con e-parent\" data-id=\"7cbc146\" data-element_type=\"container\" data-settings=\"{&quot;animation&quot;:&quot;fadeInLeft&quot;,&quot;animation_delay&quot;:100}\">\n\t\t<div class=\"elementor-element elementor-element-7fc4bae e-con-full e-flex e-con e-child\" data-id=\"7fc4bae\" data-element_type=\"container\" data-settings=\"{&quot;background_background&quot;:&quot;classic&quot;}\">\n\t\t<div class=\"elementor-element elementor-element-083a081 e-con-full e-flex e-con e-child\" data-id=\"083a081\" data-element_type=\"container\">\n\t\t<div class=\"elementor-element elementor-element-dc77895 e-con-full e-flex e-con e-child\" data-id=\"dc77895\" data-element_type=\"container\">\n\t\t<div class=\"elementor-element elementor-element-5486290 e-con-full e-flex e-con e-child\" data-id=\"5486290\" data-element_type=\"container\">\n\t\t\t\t<div class=\"elementor-element elementor-element-6a932dc elementor-widget elementor-widget-heading\" data-id=\"6a932dc\" data-element_type=\"widget\" data-widget_type=\"heading.default\">\n\t\t\t\t<div class=\"elementor-widget-container\">\n\t\t\t\t\t<h2 class=\"elementor-heading-title elementor-size-default\">Externalisation de l&#039;ing\u00e9nierie<\/h2>\t\t\t\t<\/div>\n\t\t\t\t<\/div>\n\t\t\t\t<div class=\"elementor-element elementor-element-70bf809 elementor-widget elementor-widget-text-editor\" data-id=\"70bf809\" data-element_type=\"widget\" data-widget_type=\"text-editor.default\">\n\t\t\t\t<div class=\"elementor-widget-container\">\n\t\t\t\t\t\t\t\t\t<p>Nous mettons \u00e0 disposition des professionnels hautement qualifi\u00e9s qui s&#039;int\u00e8grent efficacement dans les \u00e9quipes de nos clients, offrant polyvalence, r\u00e9activit\u00e9 et propositions adapt\u00e9es \u00e0 chaque besoin.\u00a0<\/p><p>Forts d\u2019une vaste exp\u00e9rience, nous garantissons des r\u00e9sultats coh\u00e9rents et de grande valeur d\u00e8s le premier jour.<\/p>\t\t\t\t\t\t\t\t<\/div>\n\t\t\t\t<\/div>\n\t\t\t\t<div class=\"elementor-element elementor-element-bf0a9c9 elementor-mobile-align-justify elementor-widget-mobile__width-inherit elementor-widget elementor-widget-button\" data-id=\"bf0a9c9\" data-element_type=\"widget\" data-widget_type=\"button.default\">\n\t\t\t\t<div class=\"elementor-widget-container\">\n\t\t\t\t\t\t\t\t\t<div class=\"elementor-button-wrapper\">\n\t\t\t\t\t<a class=\"elementor-button elementor-button-link elementor-size-sm\" href=\"https:\/\/www.teciman.com\/fr\/externalisation\/\" target=\"_blank\">\n\t\t\t\t\t\t<span class=\"elementor-button-content-wrapper\">\n\t\t\t\t\t\t\t\t\t<span class=\"elementor-button-text\">T\u00c9CIMAN Externalisation<\/span>\n\t\t\t\t\t<\/span>\n\t\t\t\t\t<\/a>\n\t\t\t\t<\/div>\n\t\t\t\t\t\t\t\t<\/div>\n\t\t\t\t<\/div>\n\t\t\t\t<div class=\"elementor-element elementor-element-090b9ac elementor-widget elementor-widget-spacer\" data-id=\"090b9ac\" data-element_type=\"widget\" data-widget_type=\"spacer.default\">\n\t\t\t\t<div class=\"elementor-widget-container\">\n\t\t\t\t\t\t\t<div class=\"elementor-spacer\">\n\t\t\t<div class=\"elementor-spacer-inner\"><\/div>\n\t\t<\/div>\n\t\t\t\t\t\t<\/div>\n\t\t\t\t<\/div>\n\t\t\t\t<\/div>\n\t\t<div class=\"elementor-element elementor-element-717e6ec e-con-full e-flex e-con e-child\" data-id=\"717e6ec\" data-element_type=\"container\">\n\t\t\t\t<div class=\"elementor-element elementor-element-64285e3 elementor-widget elementor-widget-spacer\" data-id=\"64285e3\" data-element_type=\"widget\" data-widget_type=\"spacer.default\">\n\t\t\t\t<div class=\"elementor-widget-container\">\n\t\t\t\t\t\t\t<div class=\"elementor-spacer\">\n\t\t\t<div class=\"elementor-spacer-inner\"><\/div>\n\t\t<\/div>\n\t\t\t\t\t\t<\/div>\n\t\t\t\t<\/div>\n\t\t<div class=\"elementor-element elementor-element-d5eb1f8 e-con-full e-flex e-con e-child\" data-id=\"d5eb1f8\" data-element_type=\"container\">\n\t\t\t\t<div class=\"elementor-element elementor-element-b6cf920 elementor-widget elementor-widget-image\" data-id=\"b6cf920\" data-element_type=\"widget\" data-widget_type=\"image.default\">\n\t\t\t\t<div class=\"elementor-widget-container\">\n\t\t\t\t\t\t\t\t\t\t\t\t\t\t\t<img decoding=\"async\" width=\"800\" height=\"534\" src=\"https:\/\/www.teciman.com\/wp-content\/uploads\/2025\/10\/T-54-1024x683.jpg\" class=\"attachment-large size-large wp-image-7122\" alt=\"teciman\" srcset=\"https:\/\/www.teciman.com\/wp-content\/uploads\/2025\/10\/T-54-1024x683.jpg 1024w, https:\/\/www.teciman.com\/wp-content\/uploads\/2025\/10\/T-54-300x200.jpg 300w, https:\/\/www.teciman.com\/wp-content\/uploads\/2025\/10\/T-54-768x512.jpg 768w, https:\/\/www.teciman.com\/wp-content\/uploads\/2025\/10\/T-54-1536x1024.jpg 1536w, https:\/\/www.teciman.com\/wp-content\/uploads\/2025\/10\/T-54-2048x1366.jpg 2048w, https:\/\/www.teciman.com\/wp-content\/uploads\/2025\/10\/T-54-18x12.jpg 18w\" sizes=\"(max-width: 800px) 100vw, 800px\" title=\"\">\t\t\t\t\t\t\t\t\t\t\t\t\t\t\t<\/div>\n\t\t\t\t<\/div>\n\t\t\t\t<\/div>\n\t\t\t\t<\/div>\n\t\t\t\t<\/div>\n\t\t\t\t<\/div>\n\t\t\t\t<\/div>\n\t\t\t\t<\/div>\n\t\t<div class=\"elementor-element elementor-element-72764db e-con-full e-flex elementor-invisible e-con e-parent\" data-id=\"72764db\" data-element_type=\"container\" data-settings=\"{&quot;animation&quot;:&quot;fadeInRight&quot;,&quot;animation_delay&quot;:100}\">\n\t\t<div class=\"elementor-element elementor-element-cf053f4 e-con-full e-flex e-con e-child\" data-id=\"cf053f4\" data-element_type=\"container\" data-settings=\"{&quot;background_background&quot;:&quot;classic&quot;}\">\n\t\t<div class=\"elementor-element elementor-element-ce5d5ae e-con-full e-flex e-con e-child\" data-id=\"ce5d5ae\" data-element_type=\"container\">\n\t\t<div class=\"elementor-element elementor-element-8bb61f1 e-con-full e-flex e-con e-child\" data-id=\"8bb61f1\" data-element_type=\"container\">\n\t\t<div class=\"elementor-element elementor-element-e3d4214 e-con-full e-flex e-con e-child\" data-id=\"e3d4214\" data-element_type=\"container\">\n\t\t\t\t<div class=\"elementor-element elementor-element-7b94a62 elementor-widget elementor-widget-heading\" data-id=\"7b94a62\" data-element_type=\"widget\" data-widget_type=\"heading.default\">\n\t\t\t\t<div class=\"elementor-widget-container\">\n\t\t\t\t\t<h2 class=\"elementor-heading-title elementor-size-default\">Num\u00e9rique<\/h2>\t\t\t\t<\/div>\n\t\t\t\t<\/div>\n\t\t\t\t<div class=\"elementor-element elementor-element-fd52a0c elementor-widget elementor-widget-text-editor\" data-id=\"fd52a0c\" data-element_type=\"widget\" data-widget_type=\"text-editor.default\">\n\t\t\t\t<div class=\"elementor-widget-container\">\n\t\t\t\t\t\t\t\t\t<p data-start=\"92\" data-end=\"322\"><strong data-start=\"2\" data-end=\"44\">Optimisation et int\u00e9gration technologiques<\/strong><br data-start=\"44\" data-end=\"47\" \/>Nous facilitons les processus administratifs gr\u00e2ce \u00e0 l&#039;int\u00e9gration des technologies \u00e9mergentes et au d\u00e9veloppement de syst\u00e8mes personnalis\u00e9s, ce qui accro\u00eet l&#039;efficacit\u00e9, l&#039;agilit\u00e9 et la productivit\u00e9.\u00a0<\/p><p data-start=\"92\" data-end=\"322\">Nous nous concentrons sur : l&#039;automatisation des processus robotiques (RPA), la gestion des donn\u00e9es, les applications Web et les agents virtuels.<\/p>\t\t\t\t\t\t\t\t<\/div>\n\t\t\t\t<\/div>\n\t\t\t\t<div class=\"elementor-element elementor-element-fdf23e0 elementor-mobile-align-justify elementor-widget-mobile__width-inherit elementor-widget elementor-widget-button\" data-id=\"fdf23e0\" data-element_type=\"widget\" data-widget_type=\"button.default\">\n\t\t\t\t<div class=\"elementor-widget-container\">\n\t\t\t\t\t\t\t\t\t<div class=\"elementor-button-wrapper\">\n\t\t\t\t\t<a class=\"elementor-button elementor-button-link elementor-size-sm\" href=\"https:\/\/www.teciman.com\/fr\/digital\/\" target=\"_blank\">\n\t\t\t\t\t\t<span class=\"elementor-button-content-wrapper\">\n\t\t\t\t\t\t\t\t\t<span class=\"elementor-button-text\">T\u00c9CIMAN Num\u00e9rique<\/span>\n\t\t\t\t\t<\/span>\n\t\t\t\t\t<\/a>\n\t\t\t\t<\/div>\n\t\t\t\t\t\t\t\t<\/div>\n\t\t\t\t<\/div>\n\t\t\t\t<div class=\"elementor-element elementor-element-91007a2 elementor-widget elementor-widget-spacer\" data-id=\"91007a2\" data-element_type=\"widget\" data-widget_type=\"spacer.default\">\n\t\t\t\t<div class=\"elementor-widget-container\">\n\t\t\t\t\t\t\t<div class=\"elementor-spacer\">\n\t\t\t<div class=\"elementor-spacer-inner\"><\/div>\n\t\t<\/div>\n\t\t\t\t\t\t<\/div>\n\t\t\t\t<\/div>\n\t\t\t\t<\/div>\n\t\t<div class=\"elementor-element elementor-element-a9c1c64 e-con-full e-flex e-con e-child\" data-id=\"a9c1c64\" data-element_type=\"container\">\n\t\t\t\t<div class=\"elementor-element elementor-element-776a475 elementor-widget elementor-widget-spacer\" data-id=\"776a475\" data-element_type=\"widget\" data-widget_type=\"spacer.default\">\n\t\t\t\t<div class=\"elementor-widget-container\">\n\t\t\t\t\t\t\t<div class=\"elementor-spacer\">\n\t\t\t<div class=\"elementor-spacer-inner\"><\/div>\n\t\t<\/div>\n\t\t\t\t\t\t<\/div>\n\t\t\t\t<\/div>\n\t\t\t\t<div class=\"elementor-element elementor-element-4b94332 elementor-widget elementor-widget-image\" data-id=\"4b94332\" data-element_type=\"widget\" data-widget_type=\"image.default\">\n\t\t\t\t<div class=\"elementor-widget-container\">\n\t\t\t\t\t\t\t\t\t\t\t\t\t\t\t<img loading=\"lazy\" decoding=\"async\" width=\"800\" height=\"534\" src=\"https:\/\/www.teciman.com\/wp-content\/uploads\/2025\/11\/T-58--1024x683.jpg\" class=\"attachment-large size-large wp-image-7135\" alt=\"technicien num\u00e9rique\" srcset=\"https:\/\/www.teciman.com\/wp-content\/uploads\/2025\/11\/T-58--1024x683.jpg 1024w, https:\/\/www.teciman.com\/wp-content\/uploads\/2025\/11\/T-58--300x200.jpg 300w, https:\/\/www.teciman.com\/wp-content\/uploads\/2025\/11\/T-58--768x512.jpg 768w, https:\/\/www.teciman.com\/wp-content\/uploads\/2025\/11\/T-58--1536x1024.jpg 1536w, https:\/\/www.teciman.com\/wp-content\/uploads\/2025\/11\/T-58--2048x1366.jpg 2048w, https:\/\/www.teciman.com\/wp-content\/uploads\/2025\/11\/T-58--18x12.jpg 18w\" sizes=\"(max-width: 800px) 100vw, 800px\" title=\"\">\t\t\t\t\t\t\t\t\t\t\t\t\t\t\t<\/div>\n\t\t\t\t<\/div>\n\t\t\t\t<\/div>\n\t\t\t\t<\/div>\n\t\t\t\t<\/div>\n\t\t\t\t<\/div>\n\t\t\t\t<\/div>\n\t\t\t\t<\/div>","protected":false},"excerpt":{"rendered":"<p>Accueil Domaines d&#039;expertise Forts de plus de 35 ans d&#039;exp\u00e9rience, nous sommes experts en : M\u00e9trologie 3D Assistance compl\u00e8te pour machines de mesure 3D Nous assurons le r\u00e9glage, la maintenance et l&#039;\u00e9talonnage des machines \u00e0 mesurer tridimensionnelles (MMT), garantissant ainsi la continuit\u00e9 et la pr\u00e9cision des processus sans d\u00e9pendre de tiers. Laboratoire de m\u00e9trologie Nous disposons de l&#039;infrastructure la plus compl\u00e8te du nord [\u2026]<\/p>","protected":false},"author":1,"featured_media":0,"parent":0,"menu_order":0,"comment_status":"closed","ping_status":"closed","template":"","meta":{"_acf_changed":false,"footnotes":""},"class_list":["post-6564","page","type-page","status-publish","hentry"],"acf":[],"_links":{"self":[{"href":"https:\/\/www.teciman.com\/fr\/wp-json\/wp\/v2\/pages\/6564","targetHints":{"allow":["GET"]}}],"collection":[{"href":"https:\/\/www.teciman.com\/fr\/wp-json\/wp\/v2\/pages"}],"about":[{"href":"https:\/\/www.teciman.com\/fr\/wp-json\/wp\/v2\/types\/page"}],"author":[{"embeddable":true,"href":"https:\/\/www.teciman.com\/fr\/wp-json\/wp\/v2\/users\/1"}],"replies":[{"embeddable":true,"href":"https:\/\/www.teciman.com\/fr\/wp-json\/wp\/v2\/comments?post=6564"}],"version-history":[{"count":139,"href":"https:\/\/www.teciman.com\/fr\/wp-json\/wp\/v2\/pages\/6564\/revisions"}],"predecessor-version":[{"id":7158,"href":"https:\/\/www.teciman.com\/fr\/wp-json\/wp\/v2\/pages\/6564\/revisions\/7158"}],"wp:attachment":[{"href":"https:\/\/www.teciman.com\/fr\/wp-json\/wp\/v2\/media?parent=6564"}],"curies":[{"name":"wp","href":"https:\/\/api.w.org\/{rel}","templated":true}]}}