{"id":1430,"date":"2023-09-19T10:20:42","date_gmt":"2023-09-19T08:20:42","guid":{"rendered":"https:\/\/teciman.difadi.net\/?page_id=1430"},"modified":"2024-01-12T07:23:14","modified_gmt":"2024-01-12T06:23:14","slug":"politique-de-confidentialite","status":"publish","type":"page","link":"https:\/\/www.teciman.com\/fr\/politique-de-confidentialite\/","title":{"rendered":"Politique de confidentialit\u00e9"},"content":{"rendered":"<h2 class=\"special-heading text-center\"><span class=\"text-capitalize\">Politique de confidentialit\u00e9<\/span><\/h2>\n<div class=\"fw-divider-space divider-30\"><\/div>\n<ol>\n<li><strong>Donn\u00e9es du responsable du traitement<\/strong><\/li>\n<\/ol>\n<p>Nom de l\u2019entreprise: T\u00c9CIMAN INTERNATIONAL, SL<\/p>\n<p>NIF\u00a0: B09245960<\/p>\n<p>Adresse : C\/ Vitoria 305 PE Inbisa Villafr\u00eda Naves 4, 5E, 09007 Burgos<\/p>\n<p>E-mail:\u00a0<a href=\"mailto:administracion@teciman.com\">administracion@teciman.com<\/a><\/p>\n<p>Page Web:\u00a0<a href=\"http:\/\/www.teciman.com\/fr\/\">www.teciman.com<\/a><\/p>\n<ol start=\"2\">\n<li><strong>R\u00e9glementation applicable<\/strong><\/li>\n<\/ol>\n<p>Notre Politique de Confidentialit\u00e9 a \u00e9t\u00e9 con\u00e7ue conform\u00e9ment au R\u00e8glement G\u00e9n\u00e9ral sur la Protection des Donn\u00e9es (UE) 2016\/679 du Parlement europ\u00e9en et du Conseil du 27 avril 2016 relatif \u00e0 la protection des personnes physiques \u00e0 l&#039;\u00e9gard du traitement des donn\u00e9es personnelles et \u00e0 la libre circulation. de ces donn\u00e9es et qui abroge la Directive 95\/46\/CE (R\u00e8glement G\u00e9n\u00e9ral sur la Protection des Donn\u00e9es), avec la Loi Organique 3\/2018, du 5 d\u00e9cembre, sur la Protection des Donn\u00e9es Personnelles et la garantie des droits num\u00e9riques, et leurs r\u00e8gles de d\u00e9veloppement.<\/p>\n<p>En nous fournissant vos donn\u00e9es, vous d\u00e9clarez avoir lu et connu cette politique de confidentialit\u00e9, donnant votre consentement sans \u00e9quivoque et expr\u00e8s au traitement de vos donn\u00e9es personnelles conform\u00e9ment aux finalit\u00e9s et conditions exprim\u00e9es ici.<\/p>\n<p>L&#039;entreprise peut modifier cette politique de confidentialit\u00e9 pour l&#039;adapter \u00e0 la nouvelle l\u00e9gislation, \u00e0 la jurisprudence ou \u00e0 l&#039;interpr\u00e9tation de l&#039;Agence espagnole de protection des donn\u00e9es. Ces conditions de confidentialit\u00e9 peuvent \u00eatre compl\u00e9t\u00e9es par les Mentions L\u00e9gales, la Politique de Cookies et les Conditions G\u00e9n\u00e9rales qui, le cas \u00e9ch\u00e9ant, sont collect\u00e9es pour certains produits ou services, si cet acc\u00e8s implique une sp\u00e9cialit\u00e9 en termes de protection des donn\u00e9es personnelles.<\/p>\n<ol start=\"3\">\n<li><strong>Finalit\u00e9 du traitement des donn\u00e9es personnelles<\/strong><\/li>\n<\/ol>\n<p>Les traitements que nous effectuons sur vos donn\u00e9es personnelles r\u00e9pondent aux finalit\u00e9s suivantes :<\/p>\n<p>\u2013 G\u00e9rez ce que vous avez demand\u00e9 via le formulaire de contact.<\/p>\n<p>\u2013 Ex\u00e9cuter le contrat de prestation de services avec vous<\/p>\n<p>\u2013 Vous envoyer des informations commerciales bas\u00e9es sur notre relation contractuelle ant\u00e9rieure.<\/p>\n<p>\u2013 G\u00e9rer une relation pr\u00e9contractuelle \u00e0 travers un budget pr\u00e9alablement demand\u00e9 par vos soins<\/p>\n<ol start=\"4\">\n<li><strong>L\u00e9gitimation au traitement des donn\u00e9es collect\u00e9es<\/strong><\/li>\n<\/ol>\n<p>Formulaire de contact : La l\u00e9gitimit\u00e9 du traitement de vos donn\u00e9es est le consentement de l&#039;int\u00e9ress\u00e9 au moment de nous fournir les informations, exprim\u00e9 en cochant la case d&#039;acceptation correspondante.<\/p>\n<p>Facturation : La l\u00e9gitimit\u00e9 du traitement de vos donn\u00e9es est l&#039;ex\u00e9cution du contrat de prestation de services, ainsi que la facturation et la comptabilit\u00e9 de celui-ci.<\/p>\n<p>Envoi de communications commerciales : La base juridique est l&#039;int\u00e9r\u00eat l\u00e9gitime existant, bas\u00e9 sur notre relation contractuelle ant\u00e9rieure.<\/p>\n<p>Budget : La l\u00e9gitimit\u00e9 du traitement de vos donn\u00e9es est votre demande de mesures pr\u00e9contractuelles pr\u00e9alable \u00e0 un contrat de prestation de services.<\/p>\n<ol start=\"5\">\n<li><strong>Combien de temps conserverons-nous vos donn\u00e9es ?<\/strong><\/li>\n<\/ol>\n<p>Formulaire de contact : Nous conserverons vos donn\u00e9es personnelles \u00e0 partir du moment o\u00f9 vous nous donnez votre consentement jusqu&#039;\u00e0 ce que vous le r\u00e9voquiez ou demandiez la limitation du traitement. Dans de tels cas, nous conserverons vos donn\u00e9es verrouill\u00e9es pendant les p\u00e9riodes l\u00e9galement requises.<\/p>\n<p>Facturation : Nous conserverons vos donn\u00e9es personnelles aussi longtemps que n\u00e9cessaire pour respecter les obligations l\u00e9gales.<\/p>\n<p>Citation : Nous conserverons vos donn\u00e9es personnelles aussi longtemps que n\u00e9cessaire pour respecter les obligations l\u00e9gales.<\/p>\n<ol start=\"6\">\n<li><strong>Mesure de s\u00e9curit\u00e9<\/strong><\/li>\n<\/ol>\n<p>Dans le cadre de notre engagement \u00e0 garantir la s\u00e9curit\u00e9 et la confidentialit\u00e9 de vos donn\u00e9es personnelles, nous vous informons que les mesures techniques et organisationnelles n\u00e9cessaires ont \u00e9t\u00e9 adopt\u00e9es pour garantir la s\u00e9curit\u00e9 de vos donn\u00e9es personnelles et emp\u00eacher leur alt\u00e9ration, perte, traitement ou acc\u00e8s non autoris\u00e9, en prenant compte de l&#039;\u00e9tat de la technologie, de la nature des donn\u00e9es stock\u00e9es et des risques auxquels elles sont expos\u00e9es. Nonobstant ce qui pr\u00e9c\u00e8de, l&#039;utilisateur doit \u00eatre conscient que les mesures de s\u00e9curit\u00e9 Internet ne sont pas imprenables.<\/p>\n<p>Vous pouvez obtenir plus d&#039;informations sur les mesures de s\u00e9curit\u00e9 que nous appliquons en nous contactant via les canaux indiqu\u00e9s au d\u00e9but de cette politique de confidentialit\u00e9 dans la section identifiant le responsable du traitement.<\/p>\n<ol start=\"7\">\n<li><strong>Droits de la partie int\u00e9ress\u00e9e<\/strong><\/li>\n<\/ol>\n<p>L&#039;int\u00e9ress\u00e9 dispose des droits suivants concernant le traitement de ses donn\u00e9es personnelles :<\/p>\n<p>\u2013 Droit de demander l\u2019acc\u00e8s \u00e0 vos donn\u00e9es personnelles.<\/p>\n<p>\u2013 Droit de demander leur rectification si elles sont inexactes, ou de demander leur suppression (par exemple, si vous consid\u00e9rez qu\u2019elles ne sont plus n\u00e9cessaires aux finalit\u00e9s pour lesquelles elles ont \u00e9t\u00e9 collect\u00e9es).<\/p>\n<p>\u2013 Droit de demander la limitation de votre traitement, \u00e0 condition que l\u2019une des conditions pr\u00e9vues par la r\u00e9glementation soit remplie, auquel cas nous ne les conserverons que pour l\u2019exercice ou la d\u00e9fense de r\u00e9clamations.<\/p>\n<p>\u2013 Droit de s\u2019opposer au traitement, par exemple concernant l\u2019envoi d\u2019informations commerciales de notre part, auquel cas nous cesserons de traiter vos donn\u00e9es \u00e0 cette fin, sauf motifs l\u00e9gitimes imp\u00e9rieux, ou pour l\u2019exercice ou la d\u00e9fense d\u2019\u00e9ventuelles r\u00e9clamations.<\/p>\n<p>\u2013 Droit \u00e0 la portabilit\u00e9 des donn\u00e9es.<\/p>\n<p>\u2013 Droit de d\u00e9poser une r\u00e9clamation aupr\u00e8s de l\u2019Agence espagnole de protection des donn\u00e9es (autorit\u00e9 de contr\u00f4le comp\u00e9tente en mati\u00e8re de protection des donn\u00e9es), notamment lorsque vous n\u2019avez pas obtenu satisfaction dans l\u2019exercice de vos droits :\u00a0<a href=\"http:\/\/www.aepd.es\/\" target=\"_blank\" rel=\"noopener\">www.aepd.es<\/a><\/p>","protected":false},"excerpt":{"rendered":"<p>Politique de confidentialit\u00e9 Donn\u00e9es du responsable du traitement Raison sociale : T\u00c9CIMAN INTERNATIONAL, SL NIF : B09245960 Adresse : C\/ Vitoria 305 PE Inbisa Villafr\u00eda Naves 4, 5E, 09007 Burgos Email : administracion@teciman.com Site Web : www.teciman.com R\u00e9glementation applicable Notre politique de confidentialit\u00e9 a \u00e9t\u00e9 con\u00e7ue conform\u00e9ment au r\u00e8glement g\u00e9n\u00e9ral sur la protection des donn\u00e9es de l&#039;UE 2016\/679 du Parlement [\u2026]<\/p>","protected":false},"author":1,"featured_media":0,"parent":0,"menu_order":0,"comment_status":"closed","ping_status":"closed","template":"","meta":{"_acf_changed":false,"footnotes":""},"class_list":["post-1430","page","type-page","status-publish","hentry"],"acf":[],"_links":{"self":[{"href":"https:\/\/www.teciman.com\/fr\/wp-json\/wp\/v2\/pages\/1430","targetHints":{"allow":["GET"]}}],"collection":[{"href":"https:\/\/www.teciman.com\/fr\/wp-json\/wp\/v2\/pages"}],"about":[{"href":"https:\/\/www.teciman.com\/fr\/wp-json\/wp\/v2\/types\/page"}],"author":[{"embeddable":true,"href":"https:\/\/www.teciman.com\/fr\/wp-json\/wp\/v2\/users\/1"}],"replies":[{"embeddable":true,"href":"https:\/\/www.teciman.com\/fr\/wp-json\/wp\/v2\/comments?post=1430"}],"version-history":[{"count":1,"href":"https:\/\/www.teciman.com\/fr\/wp-json\/wp\/v2\/pages\/1430\/revisions"}],"predecessor-version":[{"id":3648,"href":"https:\/\/www.teciman.com\/fr\/wp-json\/wp\/v2\/pages\/1430\/revisions\/3648"}],"wp:attachment":[{"href":"https:\/\/www.teciman.com\/fr\/wp-json\/wp\/v2\/media?parent=1430"}],"curies":[{"name":"wp","href":"https:\/\/api.w.org\/{rel}","templated":true}]}}